{"id":5214,"date":"2021-05-10T08:16:25","date_gmt":"2021-05-10T06:16:25","guid":{"rendered":"https:\/\/biblioteka.pb.edu.pl\/?page_id=5214"},"modified":"2025-11-27T09:12:51","modified_gmt":"2025-11-27T08:12:51","slug":"homepage","status":"publish","type":"page","link":"https:\/\/biblioteka.pb.edu.pl\/en\/","title":{"rendered":"Homepage"},"content":{"rendered":"<p><div id=\"search-box\" class=\"search-box\">\n  <div class=\"tabs-wrap\">\n    <ul class=\"tabs\">\n            <li class=\"tabs-item\">\n        <a class=\"tabs-link active\" href=\"#tab-all-resources\">All resources<\/a>\n      <\/li>\n            <li class=\"tabs-item\">\n        <a class=\"tabs-link \" href=\"#tab-library-catalog\">Library catalog<\/a>\n      <\/li>\n            <li class=\"tabs-item\">\n        <a class=\"tabs-link \" href=\"#tab-e-resources\">E-resources<\/a>\n      <\/li>\n            <li class=\"tabs-item\">\n        <a class=\"tabs-link \" href=\"#tab-baztech\">BazTech<\/a>\n      <\/li>\n            <li class=\"tabs-item\">\n        <a class=\"tabs-link \" href=\"#tab-podlaska-digital-library\">Podlaska Digital Library<\/a>\n      <\/li>\n          <\/ul>\n    <div class=\"tabs-content\">\n            <div id=\"tab-all-resources\" class=\"active\">\n        <p>Resources to which Library of BUT has access and selected items generally available<\/p>\n        <form class=\"form-48pbk\" action=\"https:\/\/primo-48pbk.hosted.exlibrisgroup.com\/primo-explore\/search\" method=\"get\" target=\"_blank\">\n          <input type=\"hidden\" name=\"fn\" value=\"search\">\n          <input type=\"hidden\" name=\"dym\" value=\"true\">\n          <input type=\"hidden\" name=\"group\" value=\"GUEST\">\n          <input type=\"hidden\" name=\"institution\" value=\"48PBK\">\n          <input type=\"hidden\" name=\"onCampus\" value=\"false\">\n          <input type=\"hidden\" name=\"mode\" value=\"Basic\">\n          <input type=\"hidden\" name=\"indx\" value=\"1\">\n          <input type=\"hidden\" name=\"dum\" value=\"true\">\n          <input type=\"hidden\" name=\"srt\" value=\"rank\">\n          <input type=\"hidden\" name=\"vid\" value=\"48PBK_VIEW\">\n          <input type=\"hidden\" name=\"frbg\" value=\"\">\n          <input type=\"hidden\" name=\"search_scope\" value=\"all_scope\">\n          <input type=\"hidden\" name=\"tb\" value=\"t\">\n          <input type=\"hidden\" name=\"tab\" value=\"default_tab\">\n          <input type=\"hidden\" name=\"query\" value=\"any,contains\">\n          <input type=\"text\" name=\"query_text\" value=\"\">\n          <button type=\"submit\" class=\"button\"><i class=\"fas fa-search\"><\/i> Search<\/button><\/form>\n                <div class=\"links\">\n                    <a href=\"https:\/\/biblioteka.pb.edu.pl\/en\/remote-database-access\/\" title=\"\" target=\"\">E-resources<\/a>\n                    <a href=\"http:\/\/sfx-48pbk.hosted.exlibrisgroup.com\/48pbk\/az?&param_letter_group_script_save=&param_jumpToPage_save=1&param_perform_save=searchTitle&param_lang_save=pol&param_letter_group_save=&param_services2filter_save=getFullTxt&param_sid_save=071c0d77604e007beac27fd748be2085&param_type_save=textSearch&param_textSearchType_save=contains&param_chinese_checkbox_save=0&param_chinese_checkbox_type_save=Pinyin&param_langcode_save=pl&param_current_view_save=detail&param_ui_control_scripts_save=&&display_single_object=&lang=eng\" title=\"\" target=\"\">List of e-source titles<\/a>\n                    <a href=\"https:\/\/biblioteka.pb.edu.pl\/en\/suggest-a-purchase\/\" title=\"\" target=\"\">Suggest a purchase<\/a>\n                  <\/div>\n              <\/div>\n            <div id=\"tab-library-catalog\" class=\"\">\n        <p>Resources of the Main Library and faculty libraries<\/p>\n        <form class=\"form-48pbk\" action=\"https:\/\/primo-48pbk.hosted.exlibrisgroup.com\/primo-explore\/search\" method=\"get\" target=\"_blank\">\n          <input type=\"hidden\" name=\"fn\" value=\"search\">\n          <input type=\"hidden\" name=\"dym\" value=\"true\">\n          <input type=\"hidden\" name=\"group\" value=\"GUEST\">\n          <input type=\"hidden\" name=\"institution\" value=\"48PBK\">\n          <input type=\"hidden\" name=\"onCampus\" value=\"false\">\n          <input type=\"hidden\" name=\"mode\" value=\"Basic\">\n          <input type=\"hidden\" name=\"indx\" value=\"1\">\n          <input type=\"hidden\" name=\"dum\" value=\"true\">\n          <input type=\"hidden\" name=\"srt\" value=\"rank\">\n          <input type=\"hidden\" name=\"vid\" value=\"48PBK_VIEW\">\n          <input type=\"hidden\" name=\"frbg\" value=\"\">\n          <input type=\"hidden\" name=\"search_scope\" value=\"aleph_scope\">\n          <input type=\"hidden\" name=\"tb\" value=\"t\">\n          <input type=\"hidden\" name=\"tab\" value=\"aleph_tab\">\n          <input type=\"hidden\" name=\"query\" value=\"any,contains\">\n          <input type=\"text\" name=\"query_text\" value=\"\">\n          <button type=\"submit\" class=\"button\"><i class=\"fas fa-search\"><\/i> Search<\/button><\/form>\n                <div class=\"links\">\n                    <a href=\"https:\/\/biblioteka.pb.edu.pl\/en\/suggest-a-purchase\/\" title=\"\" target=\"\">Suggest a purchase<\/a>\n                  <\/div>\n              <\/div>\n            <div id=\"tab-e-resources\" class=\"\">\n        <p>Full-text e-journals and e-books to which Library of BUT has access and selected items generally available<\/p>\n        <form class=\"form-48pbk\" action=\"https:\/\/primo-48pbk.hosted.exlibrisgroup.com\/primo-explore\/search\" method=\"get\" target=\"_blank\">\n          <input type=\"hidden\" name=\"fn\" value=\"search\">\n          <input type=\"hidden\" name=\"dym\" value=\"true\">\n          <input type=\"hidden\" name=\"group\" value=\"GUEST\">\n          <input type=\"hidden\" name=\"institution\" value=\"48PBK\">\n          <input type=\"hidden\" name=\"onCampus\" value=\"false\">\n          <input type=\"hidden\" name=\"mode\" value=\"Basic\">\n          <input type=\"hidden\" name=\"indx\" value=\"1\">\n          <input type=\"hidden\" name=\"dum\" value=\"true\">\n          <input type=\"hidden\" name=\"srt\" value=\"rank\">\n          <input type=\"hidden\" name=\"vid\" value=\"48PBK_VIEW\">\n          <input type=\"hidden\" name=\"frbg\" value=\"\">\n          <input type=\"hidden\" name=\"search_scope\" value=\"e-resources_scope\">\n          <input type=\"hidden\" name=\"tb\" value=\"t\">\n          <input type=\"hidden\" name=\"tab\" value=\"e_tab\">\n          <input type=\"hidden\" name=\"query\" value=\"any,contains\">\n          <input type=\"text\" name=\"query_text\" value=\"\">\n          <button type=\"submit\" class=\"button\"><i class=\"fas fa-search\"><\/i> Search<\/button><\/form>\n                <div class=\"links\">\n                    <a href=\"https:\/\/biblioteka.pb.edu.pl\/en\/e-resources\/\" title=\"\" target=\"\">E-resources<\/a>\n                    <a href=\"http:\/\/sfx-48pbk.hosted.exlibrisgroup.com\/48pbk\/az?&param_perform_save=searchTitle&param_letter_group_save=&param_lang_save=pol&param_jumpToPage_save=1&param_letter_group_script_save=&param_type_save=textSearch&param_services2filter_save=getFullTxt&param_sid_save=31e31960f799e6efa1e483e81627c37a&param_langcode_save=pl&param_current_view_save=detail&param_chinese_checkbox_save=0&param_textSearchType_save=contains&param_chinese_checkbox_type_save=Pinyin&param_ui_control_scripts_save=&&display_single_object=&lang=eng\" title=\"\" target=\"\">List of e-source titles<\/a>\n                  <\/div>\n              <\/div>\n            <div id=\"tab-baztech\" class=\"\">\n        <p>Database registering articles from Polish journals in the field of technical sciences, sciences and environmental sciences<\/p>\n        <form class=\"form-48pbk\" action=\"https:\/\/primo-48pbk.hosted.exlibrisgroup.com\/primo-explore\/search\" method=\"get\" target=\"_blank\">\n          <input type=\"hidden\" name=\"fn\" value=\"search\">\n          <input type=\"hidden\" name=\"dym\" value=\"true\">\n          <input type=\"hidden\" name=\"group\" value=\"GUEST\">\n          <input type=\"hidden\" name=\"institution\" value=\"48PBK\">\n          <input type=\"hidden\" name=\"onCampus\" value=\"false\">\n          <input type=\"hidden\" name=\"mode\" value=\"Basic\">\n          <input type=\"hidden\" name=\"indx\" value=\"1\">\n          <input type=\"hidden\" name=\"dum\" value=\"true\">\n          <input type=\"hidden\" name=\"srt\" value=\"rank\">\n          <input type=\"hidden\" name=\"vid\" value=\"48PBK_VIEW\">\n          <input type=\"hidden\" name=\"frbg\" value=\"\">\n          <input type=\"hidden\" name=\"search_scope\" value=\"baztech_scope\">\n          <input type=\"hidden\" name=\"tb\" value=\"t\">\n          <input type=\"hidden\" name=\"tab\" value=\"baztech_tab\">\n          <input type=\"hidden\" name=\"query\" value=\"any,contains\">\n          <input type=\"text\" name=\"query_text\" value=\"\">\n          <button type=\"submit\" class=\"button\"><i class=\"fas fa-search\"><\/i> Search<\/button><\/form>\n              <\/div>\n            <div id=\"tab-podlaska-digital-library\" class=\"\">\n        <p>Resources of Podlaska Library - collections of cultural, historical and scientific significance<\/p>\n        <form class=\"form-48pbk\" action=\"https:\/\/primo-48pbk.hosted.exlibrisgroup.com\/primo-explore\/search\" method=\"get\" target=\"_blank\">\n          <input type=\"hidden\" name=\"fn\" value=\"search\">\n          <input type=\"hidden\" name=\"dym\" value=\"true\">\n          <input type=\"hidden\" name=\"group\" value=\"GUEST\">\n          <input type=\"hidden\" name=\"institution\" value=\"48PBK\">\n          <input type=\"hidden\" name=\"onCampus\" value=\"false\">\n          <input type=\"hidden\" name=\"mode\" value=\"Basic\">\n          <input type=\"hidden\" name=\"indx\" value=\"1\">\n          <input type=\"hidden\" name=\"dum\" value=\"true\">\n          <input type=\"hidden\" name=\"srt\" value=\"rank\">\n          <input type=\"hidden\" name=\"vid\" value=\"48PBK_VIEW\">\n          <input type=\"hidden\" name=\"frbg\" value=\"\">\n          <input type=\"hidden\" name=\"search_scope\" value=\"dlibra_scope\">\n          <input type=\"hidden\" name=\"tb\" value=\"t\">\n          <input type=\"hidden\" name=\"tab\" value=\"dlibra_tab\">\n          <input type=\"hidden\" name=\"query\" value=\"any,contains\">\n          <input type=\"text\" name=\"query_text\" value=\"\">\n          <button type=\"submit\" class=\"button\"><i class=\"fas fa-search\"><\/i> Search<\/button><\/form>\n              <\/div>\n          <\/div>\n  <\/div>\n<\/div>\n<br \/>\n<div id=\"box-menu\" class=\"box-menu\">\n      <a href=\"https:\/\/bazawiedzy.pb.edu.pl\/index.seam\" target=\"\" title=\"\" class=\"box-menu-item\">\n      <span class=\"icon\"><i class=\"fab fa-stack-overflow\"><\/i><\/span>\n      <span class=\"title\">Baza Wiedzy PB<\/span>\n    <\/a>\n      <a href=\"https:\/\/biblioteka.pb.edu.pl\/e-zasoby\/\" target=\"\" title=\"\" class=\"box-menu-item\">\n      <span class=\"icon\"><i class=\"fal fa-keyboard\"><\/i><\/span>\n      <span class=\"title\">E-zasoby<\/span>\n    <\/a>\n      <a href=\"http:\/\/pokojepracy.biblioteka.pb.edu.pl\/\" target=\"\" title=\"\" class=\"box-menu-item\">\n      <span class=\"icon\"><i class=\"fal fa-calendar-edit\"><\/i><\/span>\n      <span class=\"title\">Zarezerwuj pok\u00f3j pracy<\/span>\n    <\/a>\n      <a href=\"https:\/\/biblioteka.pb.edu.pl\/szkolenia\/\" target=\"\" title=\"\" class=\"box-menu-item\">\n      <span class=\"icon\"><i class=\"fal fa-chalkboard-teacher\"><\/i><\/span>\n      <span class=\"title\">Informacje o szkoleniach<\/span>\n    <\/a>\n      <a href=\"https:\/\/biblioteka.pb.edu.pl\/jak-korzystac\/biblioteka-bez-barier\/\" target=\"\" title=\"\" class=\"box-menu-item\">\n      <span class=\"icon\"><i class=\"fal fa-universal-access\"><\/i><\/span>\n      <span class=\"title\">Biblioteka bez barier<\/span>\n    <\/a>\n      <a href=\"https:\/\/biblioteka.pb.edu.pl\/zaproponuj-zakup\/\" target=\"\" title=\"\" class=\"box-menu-item\">\n      <span class=\"icon\"><i class=\"fal fa-shopping-cart\"><\/i><\/span>\n      <span class=\"title\">Zaproponuj zakup<\/span>\n    <\/a>\n      <a href=\"https:\/\/biblioteka.pb.edu.pl\/napisz-do-nas\/\" target=\"\" title=\"\" class=\"box-menu-item\">\n      <span class=\"icon\"><i class=\"fal fa-envelope\"><\/i><\/span>\n      <span class=\"title\">Napisz do nas<\/span>\n    <\/a>\n  <\/div><br \/>\n<div id=\"tabs-menu\" class=\"tabs-menu\">\n  <div class=\"tabs-wrap\">\n    <ul class=\"tabs\">\n            <li class=\"tabs-item\">\n        <a class=\"tabs-link active\" href=\"#tab-jak-korzystac\">Jak korzysta\u0107<\/a>\n      <\/li>\n            <li class=\"tabs-item\">\n        <a class=\"tabs-link \" href=\"#tab-strefa-naukowca\">Strefa naukowca<\/a>\n      <\/li>\n            <li class=\"tabs-item\">\n        <a class=\"tabs-link \" href=\"#tab-o-nas\">O nas<\/a>\n      <\/li>\n            <li class=\"tabs-item\">\n        <a class=\"tabs-link \" href=\"#tab-pomoc\">Pomoc<\/a>\n      <\/li>\n            <li class=\"tabs-item\">\n        <a class=\"tabs-link \" href=\"#tab-kontakt\">Kontakt<\/a>\n      <\/li>\n          <\/ul>\n    <div class=\"tabs-content\">\n          <div id=\"tab-jak-korzystac\" class=\"active\">\n                              <a href=\"https:\/\/biblioteka.pb.edu.pl\/jak-korzystac\/regulaminy-i-wnioski\/\" target=\"\" title=\"\" class=\"tabs-menu-item\">\n              <span class=\"icon\"><i class=\"fal fa-file-alt\"><\/i><\/span>\n              Regulaminy i wnioski            <\/a>\n                      <a href=\"https:\/\/biblioteka.pb.edu.pl\/jak-korzystac\/pokoje-pracy\/\" target=\"\" title=\"\" class=\"tabs-menu-item\">\n              <span class=\"icon\"><i class=\"fal fa-person-booth\"><\/i><\/span>\n              Pokoje pracy            <\/a>\n                      <a href=\"https:\/\/biblioteka.pb.edu.pl\/jak-korzystac\/komputery-i-internet\/\" target=\"\" title=\"\" class=\"tabs-menu-item\">\n              <span class=\"icon\"><i class=\"fal fa-desktop-alt\"><\/i><\/span>\n              Komputery i Internet            <\/a>\n                      <a href=\"https:\/\/biblioteka.pb.edu.pl\/jak-korzystac\/zapisy\/\" target=\"\" title=\"\" class=\"tabs-menu-item\">\n              <span class=\"icon\"><i class=\"fal fa-user-plus\"><\/i><\/span>\n              Zapisy            <\/a>\n                      <a href=\"https:\/\/biblioteka.pb.edu.pl\/jak-korzystac\/wypozyczalnia-miedzybiblioteczna\/\" target=\"\" title=\"\" class=\"tabs-menu-item\">\n              <span class=\"icon\"><i class=\"fal fa-atlas\"><\/i><\/span>\n              Wypo\u017cyczalnia Mi\u0119dzybiblioteczna            <\/a>\n                      <a href=\"https:\/\/biblioteka.pb.edu.pl\/jak-korzystac\/oprogramowanie\/\" target=\"\" title=\"\" class=\"tabs-menu-item\">\n              <span class=\"icon\"><i class=\"fal fa-compact-disc\"><\/i><\/span>\n              Oprogramowanie            <\/a>\n                      <a href=\"https:\/\/biblioteka.pb.edu.pl\/jak-korzystac\/wypozyczenia\/\" target=\"\" title=\"\" class=\"tabs-menu-item\">\n              <span class=\"icon\"><i class=\"fal fa-book-user\"><\/i><\/span>\n              Wypo\u017cyczanie            <\/a>\n                      <a href=\"https:\/\/biblioteka.pb.edu.pl\/jak-korzystac\/oplaty\/\" target=\"\" title=\"\" class=\"tabs-menu-item\">\n              <span class=\"icon\"><i class=\"fal fa-money-bill-alt\"><\/i><\/span>\n              Op\u0142aty            <\/a>\n                      <a href=\"https:\/\/biblioteka.pb.edu.pl\/jak-korzystac\/skanery\/\" target=\"\" title=\"\" class=\"tabs-menu-item\">\n              <span class=\"icon\"><i class=\"fal fa-scanner-image\"><\/i><\/span>\n              Skanery            <\/a>\n                      <a href=\"https:\/\/biblioteka.pb.edu.pl\/jak-korzystac\/korzystanie-z-czytelni\/\" target=\"\" title=\"\" class=\"tabs-menu-item\">\n              <span class=\"icon\"><i class=\"fal fa-book-reader\"><\/i><\/span>\n              Korzystanie z Czytelni            <\/a>\n                      <a href=\"https:\/\/biblioteka.pb.edu.pl\/jak-korzystac\/karta-obiegowa\/\" target=\"\" title=\"\" class=\"tabs-menu-item\">\n              <span class=\"icon\"><i class=\"fal fa-id-card\"><\/i><\/span>\n              Karta obiegowa            <\/a>\n                      <a href=\"https:\/\/biblioteka.pb.edu.pl\/jak-korzystac\/biblioteka-bez-barier\/\" target=\"\" title=\"\" class=\"tabs-menu-item\">\n              <span class=\"icon\"><i class=\"fal fa-universal-access\"><\/i><\/span>\n              Biblioteka bez barier            <\/a>\n                        <\/div>\n          <div id=\"tab-strefa-naukowca\" class=\"\">\n                              <a href=\"https:\/\/biblioteka.pb.edu.pl\/strefa-naukowca\/bazy-dorobku-pracownikow-pb\/\" target=\"\" title=\"\" class=\"tabs-menu-item\">\n              <span class=\"icon\"><i class=\"fal fa-books\"><\/i><\/span>\n              Bazy dorobku pracownik\u00f3w PB            <\/a>\n                      <a href=\"https:\/\/biblioteka.pb.edu.pl\/strefa-naukowca\/ewaluacja\/\" target=\"\" title=\"\" class=\"tabs-menu-item\">\n              <span class=\"icon\"><i class=\"fal fa-clipboard-check\"><\/i><\/span>\n              Ewaluacja            <\/a>\n                      <a href=\"https:\/\/biblioteka.pb.edu.pl\/strefa-naukowca\/ocena-pracownika\/\" target=\"\" title=\"\" class=\"tabs-menu-item\">\n              <span class=\"icon\"><i class=\"fal fa-thumbs-up\"><\/i><\/span>\n              Ocena pracownika            <\/a>\n                      <a href=\"\/strefa-naukowca\/bibliometria-narzedzia\/\" target=\"\" title=\"\" class=\"tabs-menu-item\">\n              <span class=\"icon\"><i class=\"fal fa-tools\"><\/i><\/span>\n              Bibliometria \u2013 narz\u0119dzia            <\/a>\n                      <a href=\"https:\/\/biblioteka.pb.edu.pl\/strefa-naukowca\/dane-badawcze\/\" target=\"\" title=\"\" class=\"tabs-menu-item\">\n              <span class=\"icon\"><i class=\"fal fa-cabinet-filing\"><\/i><\/span>\n              Dane badawcze            <\/a>\n                      <a href=\"https:\/\/biblioteka.pb.edu.pl\/strefa-naukowca\/menadzery-bibliografii\/\" target=\"\" title=\"\" class=\"tabs-menu-item\">\n              <span class=\"icon\"><i class=\"fal fa-folders\"><\/i><\/span>\n              Menad\u017cery bibliografii            <\/a>\n                      <a href=\"https:\/\/biblioteka.pb.edu.pl\/strefa-naukowca\/orcid-researcherid-doi\/\" target=\"\" title=\"\" class=\"tabs-menu-item\">\n              <span class=\"icon\"><i class=\"fal fa-folder-tree\"><\/i><\/span>\n              ORCID, ResearcherID, DOI            <\/a>\n                      <a href=\"https:\/\/biblioteka.pb.edu.pl\/strefa-naukowca\/open-access\/\" target=\"\" title=\"\" class=\"tabs-menu-item\">\n              <span class=\"icon\"><i class=\"fal fa-unlock-alt\"><\/i><\/span>\n              Open Access (OA)            <\/a>\n                      <a href=\"https:\/\/biblioteka.pb.edu.pl\/strefa-naukowca\/rozliczanie-delegacji\/\" target=\"\" title=\"\" class=\"tabs-menu-item\">\n              <span class=\"icon\"><i class=\"fal fa-suitcase-rolling\"><\/i><\/span>\n              Rozliczanie delegacji            <\/a>\n                        <\/div>\n          <div id=\"tab-o-nas\" class=\"\">\n                              <a href=\"https:\/\/biblioteka.pb.edu.pl\/o-nas\/o-bibliotece\/\" target=\"\" title=\"\" class=\"tabs-menu-item\">\n              <span class=\"icon\"><i class=\"fal fa-archway\"><\/i><\/span>\n              O Bibliotece            <\/a>\n                      <a href=\"https:\/\/biblioteka.pb.edu.pl\/o-nas\/informator\/\" target=\"\" title=\"\" class=\"tabs-menu-item\">\n              <span class=\"icon\"><i class=\"fal fa-info\"><\/i><\/span>\n              Informator            <\/a>\n                      <a href=\"https:\/\/biblioteka.pb.edu.pl\/o-nas\/zwiedzanie\/\" target=\"\" title=\"\" class=\"tabs-menu-item\">\n              <span class=\"icon\"><i class=\"fal fa-hiking\"><\/i><\/span>\n              Zwiedzanie            <\/a>\n                      <a href=\"https:\/\/biblioteka.pb.edu.pl\/historia\/\" target=\"\" title=\"\" class=\"tabs-menu-item\">\n              <span class=\"icon\"><i class=\"fal fa-rectangle-history-circle-user\"><\/i><\/span>\n              Historia Biblioteki            <\/a>\n                      <a href=\"https:\/\/biblioteka.pb.edu.pl\/o-nas\/wydarzenia-i-wystawy\/\" target=\"\" title=\"\" class=\"tabs-menu-item\">\n              <span class=\"icon\"><i class=\"fa-light fa-calendar\"><\/i><\/span>\n              Wydarzenia i wystawy            <\/a>\n                      <a href=\"https:\/\/biblioteka.pb.edu.pl\/o-nas\/biblioteka-dzieciom\/\" target=\"\" title=\"\" class=\"tabs-menu-item\">\n              <span class=\"icon\"><i class=\"fal fa-child\"><\/i><\/span>\n              Biblioteka dzieciom            <\/a>\n                      <a href=\"https:\/\/biblioteka.pb.edu.pl\/o-nas\/zbiory\/\" target=\"\" title=\"\" class=\"tabs-menu-item\">\n              <span class=\"icon\"><i class=\"fal fa-books\"><\/i><\/span>\n              Zbiory            <\/a>\n                      <a href=\"https:\/\/biblioteka.pb.edu.pl\/o-nas\/filmy\/\" target=\"\" title=\"\" class=\"tabs-menu-item\">\n              <span class=\"icon\"><i class=\"fal fa-clapperboard-play\"><\/i><\/span>\n              Filmy            <\/a>\n                      <a href=\"https:\/\/biblioteka.pb.edu.pl\/o-nas\/galeria\/\" target=\"\" title=\"\" class=\"tabs-menu-item\">\n              <span class=\"icon\"><i class=\"fal fa-photo-video\"><\/i><\/span>\n              Galeria            <\/a>\n                      <a href=\"https:\/\/biblioteka.pb.edu.pl\/o-nas\/pracownicy\/\" target=\"\" title=\"\" class=\"tabs-menu-item\">\n              <span class=\"icon\"><i class=\"fal fa-users\"><\/i><\/span>\n              Pracownicy            <\/a>\n                        <\/div>\n          <div id=\"tab-pomoc\" class=\"\">\n                              <a href=\"https:\/\/biblioteka.pb.edu.pl\/pomoc\/faq\/\" target=\"\" title=\"\" class=\"tabs-menu-item\">\n              <span class=\"icon\"><i class=\"fal fa-question\"><\/i><\/span>\n              FAQ            <\/a>\n                      <a href=\"https:\/\/biblioteka.pb.edu.pl\/pomoc\/instrukcje-korzystania\/\" target=\"\" title=\"\" class=\"tabs-menu-item\">\n              <span class=\"icon\"><i class=\"fal fa-info-square\"><\/i><\/span>\n              Instrukcje korzystania            <\/a>\n                      <a href=\"https:\/\/biblioteka.pb.edu.pl\/pomoc\/filmy-instruktazowe\/\" target=\"\" title=\"\" class=\"tabs-menu-item\">\n              <span class=\"icon\"><i class=\"fal fa-camera-movie\"><\/i><\/span>\n              Filmy instrukta\u017cowe            <\/a>\n                        <\/div>\n          <div id=\"tab-kontakt\" class=\"\">\n                              <a href=\"https:\/\/biblioteka.pb.edu.pl\/kontakt\/lokalizacja\/\" target=\"\" title=\"\" class=\"tabs-menu-item\">\n              <span class=\"icon\"><i class=\"fal fa-map-marked-alt\"><\/i><\/span>\n              Lokalizacja            <\/a>\n                      <a href=\"https:\/\/biblioteka.pb.edu.pl\/kontakt\/oddzialy-biblioteki-glownej\/\" target=\"\" title=\"\" class=\"tabs-menu-item\">\n              <span class=\"icon\"><i class=\"fal fa-code-branch\"><\/i><\/span>\n              Oddzia\u0142y Biblioteki G\u0142\u00f3wnej            <\/a>\n                      <a href=\"https:\/\/biblioteka.pb.edu.pl\/kontakt\/biblioteki-wydzialowe\/\" target=\"\" title=\"\" class=\"tabs-menu-item\">\n              <span class=\"icon\"><i class=\"fal fa-building\"><\/i><\/span>\n              Biblioteki wydzia\u0142owe            <\/a>\n                      <a href=\"https:\/\/biblioteka.pb.edu.pl\/kontakt\/godziny-otwarcia\/\" target=\"\" title=\"\" class=\"tabs-menu-item\">\n              <span class=\"icon\"><i class=\"fal fa-clock\"><\/i><\/span>\n              Godziny otwarcia            <\/a>\n                      <a href=\"https:\/\/biblioteka.pb.edu.pl\/kontakt\/obsluga-informatyczna-biblioteki-pb\/\" target=\"\" title=\"\" class=\"tabs-menu-item\">\n              <span class=\"icon\"><i class=\"fal fa-display-code\"><\/i><\/span>\n              Obs\u0142uga informatyczna Biblioteki PB            <\/a>\n                        <\/div>\n        <\/div>\n  <\/div>\n<\/div><\/p>\n","protected":false},"excerpt":{"rendered":"","protected":false},"author":1,"featured_media":0,"parent":0,"menu_order":1,"comment_status":"closed","ping_status":"closed","template":"","meta":{"ngg_post_thumbnail":0,"footnotes":""},"class_list":["post-5214","page","type-page","status-publish","hentry"],"_links":{"self":[{"href":"https:\/\/biblioteka.pb.edu.pl\/en\/wp-json\/wp\/v2\/pages\/5214","targetHints":{"allow":["GET"]}}],"collection":[{"href":"https:\/\/biblioteka.pb.edu.pl\/en\/wp-json\/wp\/v2\/pages"}],"about":[{"href":"https:\/\/biblioteka.pb.edu.pl\/en\/wp-json\/wp\/v2\/types\/page"}],"author":[{"embeddable":true,"href":"https:\/\/biblioteka.pb.edu.pl\/en\/wp-json\/wp\/v2\/users\/1"}],"replies":[{"embeddable":true,"href":"https:\/\/biblioteka.pb.edu.pl\/en\/wp-json\/wp\/v2\/comments?post=5214"}],"version-history":[{"count":7,"href":"https:\/\/biblioteka.pb.edu.pl\/en\/wp-json\/wp\/v2\/pages\/5214\/revisions"}],"predecessor-version":[{"id":8970,"href":"https:\/\/biblioteka.pb.edu.pl\/en\/wp-json\/wp\/v2\/pages\/5214\/revisions\/8970"}],"wp:attachment":[{"href":"https:\/\/biblioteka.pb.edu.pl\/en\/wp-json\/wp\/v2\/media?parent=5214"}],"curies":[{"name":"wp","href":"https:\/\/api.w.org\/{rel}","templated":true}]}}