{"id":5861,"date":"2022-03-10T11:20:56","date_gmt":"2022-03-10T10:20:56","guid":{"rendered":"https:\/\/biblioteka.pb.edu.pl\/czytelnia-ksiazek\/"},"modified":"2023-05-15T09:00:02","modified_gmt":"2023-05-15T07:00:02","slug":"books-reading-room","status":"publish","type":"page","link":"https:\/\/biblioteka.pb.edu.pl\/en\/how-to-use\/using-reading-rooms\/books-reading-room\/","title":{"rendered":"Books Reading Room"},"content":{"rendered":"<p><strong>Contact:<\/strong><\/p>\n<ul>\n<li>tel. 85 746 9324 \u2013 the so-called (Small) Book Reading Room<\/li>\n<li>tel. 85 746 9325 \u2013 the so-called (Large) Book Reading Room<\/li>\n<li>e-mail: <a href=\"#\" rel=\"nofollow\"  onclick=\"this.href='mailto:' + 'bg.udo\u00adstep\u00adnianie' + '@' + 'pb.edu.pl'\">bg.udo\u00adstep\u00adnianie [at] pb.edu.pl<\/a><\/li>\n<li>Floor 1<\/li>\n<\/ul>\n<p>The Book Reading Room provides free access to collections. Readers can choose and borrow literature on their own. There is no the possibility of ordering in advance.<\/p>\n<p><iframe loading=\"lazy\" title=\"Korzystanie z Czytelni w Bibliotece Politechniki Bia\u0142ostockiej\" width=\"500\" height=\"281\" src=\"https:\/\/www.youtube.com\/embed\/QaKYM-Hu8tw?feature=oembed\" frameborder=\"0\" allow=\"accelerometer; autoplay; clipboard-write; encrypted-media; gyroscope; picture-in-picture; web-share\" referrerpolicy=\"strict-origin-when-cross-origin\" allowfullscreen><\/iframe><\/p>\n<p><iframe loading=\"lazy\" title=\"Zwrot ksi\u0105\u017cek w Czytelni w Bibliotece Politechniki Bia\u0142ostockiej\" width=\"500\" height=\"281\" src=\"https:\/\/www.youtube.com\/embed\/xvj8-BSzQO8?feature=oembed\" frameborder=\"0\" allow=\"accelerometer; autoplay; clipboard-write; encrypted-media; gyroscope; picture-in-picture; web-share\" referrerpolicy=\"strict-origin-when-cross-origin\" allowfullscreen><\/iframe><\/p>\n","protected":false},"excerpt":{"rendered":"<p>Contact: tel. 85 746 9324 \u2013 the so-called (Small) Book Reading Room [&hellip;]<\/p>\n","protected":false},"author":4,"featured_media":0,"parent":5867,"menu_order":0,"comment_status":"closed","ping_status":"closed","template":"","meta":{"ngg_post_thumbnail":0,"footnotes":""},"class_list":["post-5861","page","type-page","status-publish","hentry"],"_links":{"self":[{"href":"https:\/\/biblioteka.pb.edu.pl\/en\/wp-json\/wp\/v2\/pages\/5861","targetHints":{"allow":["GET"]}}],"collection":[{"href":"https:\/\/biblioteka.pb.edu.pl\/en\/wp-json\/wp\/v2\/pages"}],"about":[{"href":"https:\/\/biblioteka.pb.edu.pl\/en\/wp-json\/wp\/v2\/types\/page"}],"author":[{"embeddable":true,"href":"https:\/\/biblioteka.pb.edu.pl\/en\/wp-json\/wp\/v2\/users\/4"}],"replies":[{"embeddable":true,"href":"https:\/\/biblioteka.pb.edu.pl\/en\/wp-json\/wp\/v2\/comments?post=5861"}],"version-history":[{"count":3,"href":"https:\/\/biblioteka.pb.edu.pl\/en\/wp-json\/wp\/v2\/pages\/5861\/revisions"}],"predecessor-version":[{"id":5865,"href":"https:\/\/biblioteka.pb.edu.pl\/en\/wp-json\/wp\/v2\/pages\/5861\/revisions\/5865"}],"up":[{"embeddable":true,"href":"https:\/\/biblioteka.pb.edu.pl\/en\/wp-json\/wp\/v2\/pages\/5867"}],"wp:attachment":[{"href":"https:\/\/biblioteka.pb.edu.pl\/en\/wp-json\/wp\/v2\/media?parent=5861"}],"curies":[{"name":"wp","href":"https:\/\/api.w.org\/{rel}","templated":true}]}}