{"id":5897,"date":"2021-05-25T08:33:12","date_gmt":"2021-05-25T06:33:12","guid":{"rendered":"https:\/\/biblioteka.pb.edu.pl\/about-us\/pracownicy\/"},"modified":"2023-05-15T12:26:34","modified_gmt":"2023-05-15T10:26:34","slug":"employees","status":"publish","type":"page","link":"https:\/\/biblioteka.pb.edu.pl\/en\/about-us\/employees\/","title":{"rendered":"Library staff"},"content":{"rendered":"<div class=\"employees\">\n    <table class=\"table table-hover table-employees\">\n    \n    \n    <tbody>\n                  <tr>\n            <th colspan=\"3\" class=\"text-center\">Managing Director<\/th>\n          <\/tr>\n              <tr>\n        <td nowrap>mgr El\u017cbieta Kierejczuk<\/td>\n        <td nowrap>85 746 9331<\/td>\n        <td nowrap><a href=\"#\" rel=\"nofollow\"  onclick=\"this.href='mailto:' + 'e.kierejczuk' + '@' + 'pb.edu.pl'\">e.kierejczuk [at] pb.edu.pl<\/a><\/td>\n      <\/tr>\n                      <tr>\n            <th colspan=\"3\" class=\"text-center\">Deputy Director<\/th>\n          <\/tr>\n              <tr>\n        <td nowrap>mgr Anna Gogiel-Ku\u017amicka<\/td>\n        <td nowrap>85 746 9329<\/td>\n        <td nowrap><a href=\"#\" rel=\"nofollow\"  onclick=\"this.href='mailto:' + 'a.gogiel' + '@' + 'pb.edu.pl'\">a.gogiel [at] pb.edu.pl<\/a><\/td>\n      <\/tr>\n                      <tr>\n            <th colspan=\"3\" class=\"text-center\">Secretary<\/th>\n          <\/tr>\n              <tr>\n        <td nowrap>mgr Katarzyna Joanna Cicho\u0144<\/td>\n        <td nowrap>85 746 9330<\/td>\n        <td nowrap><a href=\"#\" rel=\"nofollow\"  onclick=\"this.href='mailto:' + 'k.cichon' + '@' + 'pb.edu.pl'\">k.cichon [at] pb.edu.pl<\/a><\/td>\n      <\/tr>\n                      <tr>\n            <th colspan=\"3\" class=\"text-center\">Acquisition Department<\/th>\n          <\/tr>\n              <tr>\n        <td nowrap>mgr in\u017c. Katarzyna D\u0105browska, Kierownik<\/td>\n        <td nowrap>85 746 9332<\/td>\n        <td nowrap><a href=\"#\" rel=\"nofollow\"  onclick=\"this.href='mailto:' + 'k.dabrowska' + '@' + 'pb.edu.pl'\">k.dabrowska [at] pb.edu.pl<\/a><\/td>\n      <\/tr>\n            <tr>\n        <td nowrap>mgr Iwona Jurewicz-Citko<\/td>\n        <td nowrap>85 746 9332<\/td>\n        <td nowrap><a href=\"#\" rel=\"nofollow\"  onclick=\"this.href='mailto:' + 'i.citko' + '@' + 'pb.edu.pl'\">i.citko [at] pb.edu.pl<\/a><\/td>\n      <\/tr>\n            <tr>\n        <td nowrap>mgr Marzena Konczerewicz<\/td>\n        <td nowrap>85 746 9332<\/td>\n        <td nowrap><a href=\"#\" rel=\"nofollow\"  onclick=\"this.href='mailto:' + 'm.konczerewicz' + '@' + 'pb.edu.pl'\">m.konczerewicz [at] pb.edu.pl<\/a><\/td>\n      <\/tr>\n            <tr>\n        <td nowrap>mgr Ewa Zwierzy\u0144ska<\/td>\n        <td nowrap>85 746 9332<\/td>\n        <td nowrap><a href=\"#\" rel=\"nofollow\"  onclick=\"this.href='mailto:' + 'e.zwierzynska' + '@' + 'pb.edu.pl'\">e.zwierzynska [at] pb.edu.pl<\/a><\/td>\n      <\/tr>\n                      <tr>\n            <th colspan=\"3\" class=\"text-center\">Scientific Information Department<\/th>\n          <\/tr>\n              <tr>\n        <td nowrap>mgr El\u017cbieta Kuprel, kierownik<\/td>\n        <td nowrap>85 746 9321<\/td>\n        <td nowrap><a href=\"#\" rel=\"nofollow\"  onclick=\"this.href='mailto:' + 'e.kuprel' + '@' + 'pb.edu.pl'\">e.kuprel [at] pb.edu.pl<\/a><\/td>\n      <\/tr>\n            <tr>\n        <td nowrap>mgr Joanna Koroniecka<\/td>\n        <td nowrap>85 746 9321<\/td>\n        <td nowrap><a href=\"#\" rel=\"nofollow\"  onclick=\"this.href='mailto:' + 'j.koroniecka' + '@' + 'pb.edu.pl'\">j.koroniecka [at] pb.edu.pl<\/a><\/td>\n      <\/tr>\n            <tr>\n        <td nowrap>mgr Paulina Mironiuk-Le\u015bnik<\/td>\n        <td nowrap>85 746 9321<\/td>\n        <td nowrap><a href=\"#\" rel=\"nofollow\"  onclick=\"this.href='mailto:' + 'p.mironiuk' + '@' + 'pb.edu.pl'\">p.mironiuk [at] pb.edu.pl<\/a><\/td>\n      <\/tr>\n            <tr>\n        <td nowrap>mgr in\u017c. El\u017cbieta Oblacewicz<\/td>\n        <td nowrap>85 746 9321<\/td>\n        <td nowrap><a href=\"#\" rel=\"nofollow\"  onclick=\"this.href='mailto:' + 'e.oblacewicz' + '@' + 'pb.edu.pl'\">e.oblacewicz [at] pb.edu.pl<\/a><\/td>\n      <\/tr>\n            <tr>\n        <td nowrap>Wioleta Szki\u0142\u0105d\u017a<\/td>\n        <td nowrap>85 746 9321<\/td>\n        <td nowrap><a href=\"#\" rel=\"nofollow\"  onclick=\"this.href='mailto:' + 'w.szkiladz' + '@' + 'pb.edu.pl'\">w.szkiladz [at] pb.edu.pl<\/a><\/td>\n      <\/tr>\n            <tr>\n        <td nowrap>mgr in\u017c. Anna \u015aliwko<\/td>\n        <td nowrap>85 746 9321<\/td>\n        <td nowrap><a href=\"#\" rel=\"nofollow\"  onclick=\"this.href='mailto:' + 'anna.sliwko' + '@' + 'pb.edu.pl'\">anna.sliwko [at] pb.edu.pl<\/a><\/td>\n      <\/tr>\n                      <tr>\n            <th colspan=\"3\" class=\"text-center\">Books Cataloguing Department<\/th>\n          <\/tr>\n              <tr>\n        <td nowrap>mgr in\u017c. Agnieszka Jancewicz, Kierownik<\/td>\n        <td nowrap>85 746 9319<\/td>\n        <td nowrap><a href=\"#\" rel=\"nofollow\"  onclick=\"this.href='mailto:' + 'a.jancewicz' + '@' + 'pb.edu.pl'\">a.jancewicz [at] pb.edu.pl<\/a><\/td>\n      <\/tr>\n            <tr>\n        <td nowrap>mgr Joanna Cyu\u0144czyk<\/td>\n        <td nowrap>85 746 9319<\/td>\n        <td nowrap><a href=\"#\" rel=\"nofollow\"  onclick=\"this.href='mailto:' + 'j.cyunczyk' + '@' + 'pb.edu.pl'\">j.cyunczyk [at] pb.edu.pl<\/a><\/td>\n      <\/tr>\n            <tr>\n        <td nowrap>mgr in\u017c. Iwona Roszkowska<\/td>\n        <td nowrap>85 746 9319<\/td>\n        <td nowrap><a href=\"#\" rel=\"nofollow\"  onclick=\"this.href='mailto:' + 'i.roszkowska' + '@' + 'pb.edu.pl'\">i.roszkowska [at] pb.edu.pl<\/a><\/td>\n      <\/tr>\n                      <tr>\n            <th colspan=\"3\" class=\"text-center\">Lending Department<\/th>\n          <\/tr>\n              <tr>\n        <td nowrap>mgr Anna Figarska, Kierownik<\/td>\n        <td nowrap>85 746 9327<\/td>\n        <td nowrap><a href=\"#\" rel=\"nofollow\"  onclick=\"this.href='mailto:' + 'a.figarska' + '@' + 'pb.edu.pl'\">a.figarska [at] pb.edu.pl<\/a><\/td>\n      <\/tr>\n            <tr>\n        <td nowrap>Agnieszka Aleksiejuk<\/td>\n        <td nowrap>85 746 9322<\/td>\n        <td nowrap><a href=\"#\" rel=\"nofollow\"  onclick=\"this.href='mailto:' + 'a.aleksiejuk' + '@' + 'pb.edu.pl'\">a.aleksiejuk [at] pb.edu.pl<\/a><\/td>\n      <\/tr>\n            <tr>\n        <td nowrap>mgr Natalia Batura<\/td>\n        <td nowrap>85 746 9325<\/td>\n        <td nowrap><a href=\"#\" rel=\"nofollow\"  onclick=\"this.href='mailto:' + 'natalia.batura' + '@' + 'pb.edu.pl'\">natalia.batura [at] pb.edu.pl<\/a><\/td>\n      <\/tr>\n            <tr>\n        <td nowrap>Katarzyna Herman<\/td>\n        <td nowrap>85 746 9326<\/td>\n        <td nowrap><a href=\"#\" rel=\"nofollow\"  onclick=\"this.href='mailto:' + 'k.herman' + '@' + 'pb.edu.pl'\">k.herman [at] pb.edu.pl<\/a><\/td>\n      <\/tr>\n            <tr>\n        <td nowrap>Marta Januszewska<\/td>\n        <td nowrap>85 746 9325<\/td>\n        <td nowrap><a href=\"#\" rel=\"nofollow\"  onclick=\"this.href='mailto:' + 'marta.januszewska' + '@' + 'pb.edu.pl'\">marta.januszewska [at] pb.edu.pl<\/a><\/td>\n      <\/tr>\n            <tr>\n        <td nowrap>mgr Joanna Kardasz<\/td>\n        <td nowrap>85 746 9323<\/td>\n        <td nowrap><a href=\"#\" rel=\"nofollow\"  onclick=\"this.href='mailto:' + 'j.kardasz' + '@' + 'pb.edu.pl'\">j.kardasz [at] pb.edu.pl<\/a><\/td>\n      <\/tr>\n            <tr>\n        <td nowrap>Agnieszka Kosi\u0144ska<\/td>\n        <td nowrap>85 746 9326<\/td>\n        <td nowrap><a href=\"#\" rel=\"nofollow\"  onclick=\"this.href='mailto:' + 'a.kosinska' + '@' + 'pb.edu.pl'\">a.kosinska [at] pb.edu.pl<\/a><\/td>\n      <\/tr>\n            <tr>\n        <td nowrap>Joanna Leszczy\u0144ska<\/td>\n        <td nowrap>85 746 9325<\/td>\n        <td nowrap><a href=\"#\" rel=\"nofollow\"  onclick=\"this.href='mailto:' + 'j.leszczynska' + '@' + 'pb.edu.pl'\">j.leszczynska [at] pb.edu.pl<\/a><\/td>\n      <\/tr>\n            <tr>\n        <td nowrap>mgr Aneta Puchalska<\/td>\n        <td nowrap>85 746 9323<\/td>\n        <td nowrap><a href=\"#\" rel=\"nofollow\"  onclick=\"this.href='mailto:' + 'aneta.puchalska' + '@' + 'pb.edu.pl'\">aneta.puchalska [at] pb.edu.pl<\/a><\/td>\n      <\/tr>\n            <tr>\n        <td nowrap>mgr Katarzyna Sapio\u0142ka<\/td>\n        <td nowrap>85 746 9325<\/td>\n        <td nowrap><a href=\"#\" rel=\"nofollow\"  onclick=\"this.href='mailto:' + 'k.sapiolka' + '@' + 'pb.edu.pl'\">k.sapiolka [at] pb.edu.pl<\/a><\/td>\n      <\/tr>\n            <tr>\n        <td nowrap>mgr Katarzyna Sztabkowska<\/td>\n        <td nowrap>85 746 9320<\/td>\n        <td nowrap><a href=\"#\" rel=\"nofollow\"  onclick=\"this.href='mailto:' + 'k.sztabkowska' + '@' + 'pb.edu.pl'\">k.sztabkowska [at] pb.edu.pl<\/a><\/td>\n      <\/tr>\n            <tr>\n        <td nowrap>mgr Katarzyna W\u0105do\u0142kowska<\/td>\n        <td nowrap>85 746 9325<\/td>\n        <td nowrap><a href=\"#\" rel=\"nofollow\"  onclick=\"this.href='mailto:' + 'k.wadolkowska' + '@' + 'pb.edu.pl'\">k.wadolkowska [at] pb.edu.pl<\/a><\/td>\n      <\/tr>\n            <tr>\n        <td nowrap>Artur Wo\u0142ejszo<\/td>\n        <td nowrap>85 746 9323<\/td>\n        <td nowrap><a href=\"#\" rel=\"nofollow\"  onclick=\"this.href='mailto:' + 'a.wolejszo' + '@' + 'pb.edu.pl'\">a.wolejszo [at] pb.edu.pl<\/a><\/td>\n      <\/tr>\n            <tr>\n        <td nowrap>mgr Anna Wykowska<\/td>\n        <td nowrap>85 746 9325<\/td>\n        <td nowrap><a href=\"#\" rel=\"nofollow\"  onclick=\"this.href='mailto:' + 'a.wykowska' + '@' + 'pb.edu.pl'\">a.wykowska [at] pb.edu.pl<\/a><\/td>\n      <\/tr>\n                      <tr>\n            <th colspan=\"3\" class=\"text-center\">Library of the Faculty of Architecture<\/th>\n          <\/tr>\n              <tr>\n        <td nowrap>mgr Anna Sidorczuk, p.o. Kierownik<\/td>\n        <td nowrap>85 746 9906<\/td>\n        <td nowrap><a href=\"#\" rel=\"nofollow\"  onclick=\"this.href='mailto:' + 'a.sidorczuk' + '@' + 'pb.edu.pl'\">a.sidorczuk [at] pb.edu.pl<\/a><\/td>\n      <\/tr>\n            <tr>\n        <td nowrap>mgr Katarzyna Rutkowska<\/td>\n        <td nowrap>85 746 9906<\/td>\n        <td nowrap><a href=\"#\" rel=\"nofollow\"  onclick=\"this.href='mailto:' + 'k.rutkowska' + '@' + 'pb.edu.pl'\">k.rutkowska [at] pb.edu.pl<\/a><\/td>\n      <\/tr>\n                      <tr>\n            <th colspan=\"3\" class=\"text-center\">Library of the Faculty of Engineering Management<\/th>\n          <\/tr>\n              <tr>\n        <td nowrap>mgr Aneta Bie\u0144kowska, p.o. Kierownik<\/td>\n        <td nowrap>85 746 9885<\/td>\n        <td nowrap><a href=\"#\" rel=\"nofollow\"  onclick=\"this.href='mailto:' + 'a.bienkowska' + '@' + 'pb.edu.pl'\">a.bienkowska [at] pb.edu.pl<\/a><\/td>\n      <\/tr>\n            <tr>\n        <td nowrap>mgr Joanna Putko<\/td>\n        <td nowrap>85 746 9885<\/td>\n        <td nowrap><a href=\"#\" rel=\"nofollow\"  onclick=\"this.href='mailto:' + 'j.putko' + '@' + 'pb.edu.pl'\">j.putko [at] pb.edu.pl<\/a><\/td>\n      <\/tr>\n                <\/tbody>\n  <\/table>\n<\/div>\n","protected":false},"excerpt":{"rendered":"","protected":false},"author":3,"featured_media":0,"parent":5243,"menu_order":4,"comment_status":"closed","ping_status":"closed","template":"","meta":{"ngg_post_thumbnail":0,"footnotes":""},"class_list":["post-5897","page","type-page","status-publish","hentry"],"_links":{"self":[{"href":"https:\/\/biblioteka.pb.edu.pl\/en\/wp-json\/wp\/v2\/pages\/5897","targetHints":{"allow":["GET"]}}],"collection":[{"href":"https:\/\/biblioteka.pb.edu.pl\/en\/wp-json\/wp\/v2\/pages"}],"about":[{"href":"https:\/\/biblioteka.pb.edu.pl\/en\/wp-json\/wp\/v2\/types\/page"}],"author":[{"embeddable":true,"href":"https:\/\/biblioteka.pb.edu.pl\/en\/wp-json\/wp\/v2\/users\/3"}],"replies":[{"embeddable":true,"href":"https:\/\/biblioteka.pb.edu.pl\/en\/wp-json\/wp\/v2\/comments?post=5897"}],"version-history":[{"count":2,"href":"https:\/\/biblioteka.pb.edu.pl\/en\/wp-json\/wp\/v2\/pages\/5897\/revisions"}],"predecessor-version":[{"id":5899,"href":"https:\/\/biblioteka.pb.edu.pl\/en\/wp-json\/wp\/v2\/pages\/5897\/revisions\/5899"}],"up":[{"embeddable":true,"href":"https:\/\/biblioteka.pb.edu.pl\/en\/wp-json\/wp\/v2\/pages\/5243"}],"wp:attachment":[{"href":"https:\/\/biblioteka.pb.edu.pl\/en\/wp-json\/wp\/v2\/media?parent=5897"}],"curies":[{"name":"wp","href":"https:\/\/api.w.org\/{rel}","templated":true}]}}