{"id":6332,"date":"2022-03-09T13:23:07","date_gmt":"2022-03-09T12:23:07","guid":{"rendered":"https:\/\/biblioteka.pb.edu.pl\/how-to-use\/loans\/zwrot-ksiazek\/"},"modified":"2023-06-19T14:01:34","modified_gmt":"2023-06-19T12:01:34","slug":"books-return","status":"publish","type":"page","link":"https:\/\/biblioteka.pb.edu.pl\/en\/how-to-use\/loans\/books-return\/","title":{"rendered":"Books Return"},"content":{"rendered":"<p style=\"text-align: left\">Borrowed volumes can be returned:<\/p>\n<ul>\n<li>in the General Lending Room<\/li>\n<li>in the depository,<\/li>\n<li>in the Book Reading Room at self-service self-check stations<\/li>\n<\/ul>\n<p><iframe loading=\"lazy\" title=\"Zwrot ksi\u0105\u017cek we wrzutni w Bibliotece Politechniki Bia\u0142ostockiej\" width=\"500\" height=\"281\" src=\"https:\/\/www.youtube.com\/embed\/JWYXP_Cc5V8?feature=oembed\" frameborder=\"0\" allow=\"accelerometer; autoplay; clipboard-write; encrypted-media; gyroscope; picture-in-picture; web-share\" referrerpolicy=\"strict-origin-when-cross-origin\" allowfullscreen><\/iframe><\/p>\n","protected":false},"excerpt":{"rendered":"<p>Borrowed volumes can be returned: in the General Lending Room in the [&hellip;]<\/p>\n","protected":false},"author":4,"featured_media":0,"parent":6160,"menu_order":0,"comment_status":"closed","ping_status":"closed","template":"","meta":{"ngg_post_thumbnail":0,"footnotes":""},"class_list":["post-6332","page","type-page","status-publish","hentry"],"_links":{"self":[{"href":"https:\/\/biblioteka.pb.edu.pl\/en\/wp-json\/wp\/v2\/pages\/6332","targetHints":{"allow":["GET"]}}],"collection":[{"href":"https:\/\/biblioteka.pb.edu.pl\/en\/wp-json\/wp\/v2\/pages"}],"about":[{"href":"https:\/\/biblioteka.pb.edu.pl\/en\/wp-json\/wp\/v2\/types\/page"}],"author":[{"embeddable":true,"href":"https:\/\/biblioteka.pb.edu.pl\/en\/wp-json\/wp\/v2\/users\/4"}],"replies":[{"embeddable":true,"href":"https:\/\/biblioteka.pb.edu.pl\/en\/wp-json\/wp\/v2\/comments?post=6332"}],"version-history":[{"count":2,"href":"https:\/\/biblioteka.pb.edu.pl\/en\/wp-json\/wp\/v2\/pages\/6332\/revisions"}],"predecessor-version":[{"id":6334,"href":"https:\/\/biblioteka.pb.edu.pl\/en\/wp-json\/wp\/v2\/pages\/6332\/revisions\/6334"}],"up":[{"embeddable":true,"href":"https:\/\/biblioteka.pb.edu.pl\/en\/wp-json\/wp\/v2\/pages\/6160"}],"wp:attachment":[{"href":"https:\/\/biblioteka.pb.edu.pl\/en\/wp-json\/wp\/v2\/media?parent=6332"}],"curies":[{"name":"wp","href":"https:\/\/api.w.org\/{rel}","templated":true}]}}