{"id":1002,"date":"2026-01-09T11:00:26","date_gmt":"2026-01-09T10:00:26","guid":{"rendered":"https:\/\/biblioteka.pb.edu.pl\/historia\/?page_id=1002"},"modified":"2026-01-13T14:24:33","modified_gmt":"2026-01-13T13:24:33","slug":"biblioteka-lubie-to","status":"publish","type":"page","link":"https:\/\/biblioteka.pb.edu.pl\/historia\/nasze-akcje\/biblioteka-lubie-to\/","title":{"rendered":"Biblioteka. Lubi\u0119 to!"},"content":{"rendered":"<p>Czy wiesz, jakie nowinki tech\u00adno\u00adlo\u00adgiczne ofe\u00adruje Biblio\u00adteka Poli\u00adtech\u00adniki Bia\u00ad\u0142o\u00adstoc\u00adkiej?<br \/>\nCzy wiesz, gdzie w&nbsp;\u015brodku nocy mo\u017cesz zwr\u00f3\u00adci\u0107 ksi\u0105\u017ck\u0119?<br \/>\nCzy wiesz, \u017ce jeste\u00ad\u015bmy na <a title=\"Otworzy si\u0119 w nowej karcie\" href=\"https:\/\/www.facebook.com\/BibliotekaPolitechnikiBialostockiej\" target=\"_blank\" rel=\"noopener\"><span lang=\"en\"> <i class=\"fab fa-facebook fa-lg\"><\/i> Face\u00adbook<\/span>u<\/a>?<br \/>\nTo nie wszystko! O&nbsp;innych cie\u00adka\u00adwost\u00adkach, jakie ofe\u00adruje Biblio\u00adteka PB dowiesz si\u0119 z&nbsp;cyklu audy\u00adcji w&nbsp;Radiu Aka\u00addera.<\/p>\n<p><strong>Pos\u0142uchaj audycji z naszej najnowszej, 6 edycji:<\/strong><\/p>\n<p><a href=\"https:\/\/www.youtube.com\/watch?v=EM0a9XWCPRk\">Cz\u0119\u015b\u0107 1. &#8222;O cyfrowym obliczu bibliotek, czyli us\u0142ugach elektronicznych&#8221;<\/a> &#8211; 24 pa\u017adziernika 2023<\/p>\n<p><strong>Pos\u0142uchaj audycji z edycji 5:<\/strong><\/p>\n<p><a href=\"https:\/\/www.youtube.com\/watch?v=XvvZb4RND3M\">Cz\u0119\u015b\u0107 11. &#8222;Baza Wiedzy PB&#8221;<\/a> &#8211; 20 czerwca 2023<br \/>\n<a href=\"https:\/\/www.youtube.com\/watch?v=cX9BG4ai22g\">Cz\u0119\u015b\u0107 10. &#8222;Ca\u0142a Polska czyta dzieciom&#8221;<\/a> &#8211; 30 maja 2023<br \/>\n<a href=\"https:\/\/www.youtube.com\/watch?v=whq_iO7snr4\">Cz\u0119\u015b\u0107 9. &#8222;O wystawie origami w bibliotece i nie tylko&#8221;<\/a> &#8211; 9 maja 2023<br \/>\n<a href=\"https:\/\/www.youtube.com\/watch?v=Bc7Bzsk1JoU\">Cz\u0119\u015b\u0107 8. &#8222;Rozmowy o dizajnie czyli inspiruj\u0105ce ksi\u0105\u017cki o sztuce u\u017cytkowej&#8221;<\/a> &#8211; 18 kwietnia 2023<br \/>\n<a href=\"https:\/\/www.youtube.com\/watch?v=KGHiDNK3wPw\">Cz\u0119\u015b\u0107 7. &#8222;Biblioteka dla obcokrajowca&#8221;<\/a> &#8211; 14 marca 2023<br \/>\n<a href=\"https:\/\/www.youtube.com\/watch?v=fxnbZPdcIQU\">Cz\u0119\u015b\u0107 6. &#8222;Artlibrarian i BWA jako biblioteka sztuki&#8221;<\/a> &#8211; 28 lutego 2023<br \/>\n<a href=\"https:\/\/www.youtube.com\/watch?v=OxCCL2Zspxw\">Cz\u0119\u015b\u0107 5. &#8222;Biblioteka a Co-working \u2013 Co-living \u2013 Unplugged&#8221;<\/a> &#8211; 24 stycznia 2023<br \/>\n<a href=\"https:\/\/www.youtube.com\/watch?v=cwYSNi6KM0M\">Cz\u0119\u015b\u0107 4. &#8222;Coworking w Bibliotece PB&#8221;<\/a> &#8211; 10 stycznia 2023<br \/>\n<a href=\"https:\/\/www.youtube.com\/watch?v=HLlCI4HkPEU\">Cz\u0119\u015b\u0107 3. &#8222;Coworking w Bibliotece PB&#8221;<\/a> &#8211; 06 grudnia 2022<br \/>\n<a href=\"https:\/\/www.youtube.com\/watch?v=8XisNXGbJuo\">Cz\u0119\u015b\u0107 2. &#8222;Biblioteka na Architekturze&#8221;<\/a> &#8211; 08 listopada 2022<br \/>\n<a href=\"https:\/\/www.youtube.com\/watch?v=tMR8F0hq8V0\">Cz\u0119\u015b\u0107 1. &#8222;Biblioteczny wst\u0119pniak&#8221;<\/a> &#8211; 11 pa\u017adziernika 2022<\/p>\n<p><strong>Pos\u0142uchaj audycji z edycji 4:<\/strong><\/p>\n<p><a href=\"https:\/\/www.youtube.com\/watch?v=dnhfsJaS_J4\">Cz\u0119\u015b\u0107 16. &#8222;Nasz m\u00f3zg lubi czytanie&#8221;<\/a> &#8211; 21 czerwca 2022<br \/>\n<a href=\"https:\/\/www.youtube.com\/watch?v=4FzoLjMn310\">Cz\u0119\u015b\u0107 15. &#8222;Ksi\u0105\u017cka i wsp\u00f3\u0142czesny design&#8221;<\/a> &#8211; 07 czerwca 2022<br \/>\n<a href=\"https:\/\/www.youtube.com\/watch?v=EdFMoBiNPXw\">Cz\u0119\u015b\u0107 14. &#8222;Sport w bibliotece&#8221;<\/a> &#8211; 24 maja 2022<br \/>\n<a href=\"https:\/\/www.youtube.com\/watch?v=t_BSBJkqRUE\">Cz\u0119\u015b\u0107 13. &#8222;Biblioteka &#8211; \u015bwiat w jednym miejscu.&#8221;<\/a> &#8211; 10 maja 2022<br \/>\n<a href=\"https:\/\/youtu.be\/TT3kWo-9W84\">Cz\u0119\u015b\u0107 12. &#8222;Nie oceniaj ksi\u0105\u017cki po ok\u0142adce?&#8221;<\/a> &#8211; 19 kwietnia 2022<br \/>\n<a href=\"https:\/\/www.youtube.com\/watch?v=BfQDMRAv4Mg\">Cz\u0119\u015b\u0107 11. &#8222;Oby nauka nie posz\u0142a w las?&#8221;<\/a> &#8211; 06 kwietnia 2022<br \/>\n<a href=\"https:\/\/www.youtube.com\/watch?v=Xq099zaIeK0\">Cz\u0119\u015b\u0107 10. &#8222;O bibliotecznej architekturze&#8221;<\/a> &#8211; 22 marca 2022<br \/>\n<a href=\"https:\/\/youtu.be\/na4WG7XHmuw\">Cz\u0119\u015b\u0107 9. &#8222;Biblioteka na dzie\u0144 kobiet&#8221;<\/a> &#8211; 08 marca 2022<br \/>\n<a href=\"https:\/\/youtu.be\/Xe3BkkYBb4E\">Cz\u0119\u015b\u0107 8. &#8222;Miko\u0142aj poleca&#8221;<\/a> &#8211; 14 grudnia 2021<br \/>\n<a href=\"https:\/\/youtu.be\/UlfTy3f4Aeg\">Cz\u0119\u015b\u0107 7. &#8222;Udost\u0119pniamy zbiory, przestrze\u0144&#8230;. i worki sako&#8221;<\/a> &#8211; 7 grudnia 2021<br \/>\n<a href=\"https:\/\/youtu.be\/2e_WakGXsE8\">Cz\u0119\u015b\u0107 6. &#8222;Jak Rzymianie okradali Grek\u00f3w, czyli metody gromadzenia zbior\u00f3w&#8221;<\/a> &#8211; 30 listopada 2021<br \/>\n<a href=\"https:\/\/youtu.be\/70ZTDDYLEgI\">Cz\u0119\u015b\u0107 5. &#8222;Jak to robimy w Oddziale Opracowania Zbior\u00f3w&#8221;<\/a> &#8211; 23 listopada 2021<br \/>\n<a href=\"https:\/\/youtu.be\/9CGhMw4t4lY\">Cz\u0119\u015b\u0107 4. &#8222;Jak nie straci\u0107 to\u017csamo\u015bci w sieci?&#8221;<\/a> &#8211; 16 listopada 2021<br \/>\n<a href=\"https:\/\/youtu.be\/qC6NI-rh-Sw\">Cz\u0119\u015b\u0107 3. &#8222;Nowy rok akademicki na Wydziale In\u017cynierii Zarz\u0105dzania&#8221;<\/a> &#8211; 9 listopada 2021<br \/>\n<a href=\"https:\/\/youtu.be\/Dr3JGs0IWSs\">Cz\u0119\u015b\u0107 2. &#8222;Nowy rok akademicki na Wydziale Architektury&#8221;<\/a> &#8211; 2 listopada 2021<br \/>\n<a href=\"https:\/\/youtu.be\/H5pXg9db0yk\">Cz\u0119\u015b\u0107 1. &#8222;Jak odnale\u017a\u0107 si\u0119 w Bibliotece PB czyli #pakapierwszakaPB&#8221;<\/a> &#8211; 19 pa\u017adziernika 2021<\/p>\n<p>Wszystkie nasze audycje z poprzednich edycji mo\u017cesz znale\u017a\u0107 i pos\u0142ucha\u0107 na naszym kanale <a href=\"https:\/\/www.youtube.com\/@bibliotekapolitechnikibiao3832\/playlists\"> <i class=\"fab fa-youtube fa-lg\"><\/i> YouTube<\/a><\/p>\n<p><strong>Zapraszamy!<\/strong><\/p>\n","protected":false},"excerpt":{"rendered":"<p>Czy wiesz, jakie nowinki tech\u00adno\u00adlo\u00adgiczne ofe\u00adruje Biblio\u00adteka Poli\u00adtech\u00adniki Bia\u00ad\u0142o\u00adstoc\u00adkiej? Czy wiesz, gdzie [&hellip;]<\/p>\n","protected":false},"author":15,"featured_media":1036,"parent":988,"menu_order":1,"comment_status":"closed","ping_status":"closed","template":"","meta":{"ngg_post_thumbnail":0,"footnotes":""},"class_list":["post-1002","page","type-page","status-publish","has-post-thumbnail","hentry"],"_links":{"self":[{"href":"https:\/\/biblioteka.pb.edu.pl\/historia\/wp-json\/wp\/v2\/pages\/1002","targetHints":{"allow":["GET"]}}],"collection":[{"href":"https:\/\/biblioteka.pb.edu.pl\/historia\/wp-json\/wp\/v2\/pages"}],"about":[{"href":"https:\/\/biblioteka.pb.edu.pl\/historia\/wp-json\/wp\/v2\/types\/page"}],"author":[{"embeddable":true,"href":"https:\/\/biblioteka.pb.edu.pl\/historia\/wp-json\/wp\/v2\/users\/15"}],"replies":[{"embeddable":true,"href":"https:\/\/biblioteka.pb.edu.pl\/historia\/wp-json\/wp\/v2\/comments?post=1002"}],"version-history":[{"count":4,"href":"https:\/\/biblioteka.pb.edu.pl\/historia\/wp-json\/wp\/v2\/pages\/1002\/revisions"}],"predecessor-version":[{"id":1032,"href":"https:\/\/biblioteka.pb.edu.pl\/historia\/wp-json\/wp\/v2\/pages\/1002\/revisions\/1032"}],"up":[{"embeddable":true,"href":"https:\/\/biblioteka.pb.edu.pl\/historia\/wp-json\/wp\/v2\/pages\/988"}],"wp:featuredmedia":[{"embeddable":true,"href":"https:\/\/biblioteka.pb.edu.pl\/historia\/wp-json\/wp\/v2\/media\/1036"}],"wp:attachment":[{"href":"https:\/\/biblioteka.pb.edu.pl\/historia\/wp-json\/wp\/v2\/media?parent=1002"}],"curies":[{"name":"wp","href":"https:\/\/api.w.org\/{rel}","templated":true}]}}