{"id":1007,"date":"2026-01-09T12:54:20","date_gmt":"2026-01-09T11:54:20","guid":{"rendered":"https:\/\/biblioteka.pb.edu.pl\/historia\/?page_id=1007"},"modified":"2026-01-15T12:40:31","modified_gmt":"2026-01-15T11:40:31","slug":"podaruj-ksiazke-pacjentom-bialostockiego-centrum-onkologii","status":"publish","type":"page","link":"https:\/\/biblioteka.pb.edu.pl\/historia\/nasze-akcje\/podaruj-ksiazke-pacjentom-bialostockiego-centrum-onkologii\/","title":{"rendered":"Podaruj ksi\u0105\u017ck\u0119 pacjentom Bia\u0142ostockiego Centrum Onkologii"},"content":{"rendered":"<p>Oka\u00adzuje si\u0119, \u017ce ksi\u0105\u017cka ma nie\u00adzwy\u00adk\u0142\u0105 moc i \u0142\u0105czy ludzi. Prze\u00adko\u00adnuj\u0105 si\u0119 o tym pra\u00adcow\u00adnicy Biblio\u00adteki Poli\u00adtech\u00adniki Bia\u00ad\u0142o\u00adstoc\u00adkiej, kt\u00f3\u00adrzy pro\u00adwa\u00addz\u0105 w\u015br\u00f3d Bia\u00ad\u0142o\u00adsto\u00adczan zbi\u00f3rk\u0119 ksi\u0105\u00ad\u017cek dla Bia\u00ad\u0142o\u00adstoc\u00adkiego Cen\u00adtrum Onko\u00adlo\u00adgii im. Marii Sk\u0142o\u00addow\u00adskiej-Curie. Pierw\u00adsza ods\u0142ona akcji \u201ePoda\u00adruj ksi\u0105\u017ck\u0119 pacjen\u00adtom Bia\u00ad\u0142o\u00adstoc\u00adkiego Cen\u00adtrum Onko\u00adlo\u00adgii\u201d trwa\u0142a od 23 lutego do 10 marca 2017 r. i cie\u00adszy\u0142a si\u0119 bar\u00addzo du\u017cym zain\u00adte\u00adre\u00adso\u00adwa\u00adniem. Dzi\u0119ki zaan\u00adga\u00ad\u017co\u00adwa\u00adniu wielu os\u00f3b uda\u0142o si\u0119 zebra\u0107 <strong>1070 ksi\u0105\u00ad\u017cek<\/strong> o r\u00f3\u017c\u00adno\u00adrod\u00adnej tema\u00adtyce, w bar\u00addzo dobrym sta\u00adnie. Niek\u00adt\u00f3re z nich two\u00adrz\u0105 ca\u0142e serie. Dodat\u00adkowo zosta\u0142y wypo\u00adsa\u00ad\u017cone w spe\u00adcjalne zak\u0142adki. Opr\u00f3cz ksi\u0105\u00ad\u017cek zosta\u0142y prze\u00adka\u00adzane dwa rega\u0142y na nowe biblio\u00adteczki.<\/p>\n<p>Do akcji w\u0142\u0105\u00adczyli si\u0119 pra\u00adcow\u00adnicy Poli\u00adtech\u00adniki Bia\u00ad\u0142o\u00adstoc\u00adkiej, Ksi\u0105\u017c\u00adnicy Podla\u00adskiej, por\u00adtal Kobiecy Bia\u00ad\u0142y\u00adstok, ucznio\u00adwie i&nbsp;pra\u00adcow\u00adnicy I&nbsp;LO w&nbsp;Bia\u00ad\u0142ym\u00adstoku, Radio Bia\u00ad\u0142y\u00adstok, Tele\u00adwi\u00adzja Bia\u00ad\u0142y\u00adstok, Radio Jard oraz wiele innych os\u00f3b. Niek\u00adt\u00f3re z&nbsp;poda\u00adro\u00adwa\u00adnych ksi\u0105\u00ad\u017cek zosta\u0142y wzbo\u00adga\u00adcone o&nbsp;bar\u00addzo oso\u00adbi\u00adste dedy\u00adka\u00adcje skie\u00adro\u00adwane do przy\u00adsz\u0142ych czy\u00adtel\u00adni\u00adk\u00f3w.<\/p>\n<p>Przy oka\u00adzji zbie\u00adra\u00adnia ksi\u0105\u00ad\u017cek dla doro\u00ads\u0142ych pacjen\u00adt\u00f3w Bia\u00ad\u0142o\u00adstoc\u00adkiego Cen\u00adtrum Onko\u00adlo\u00adgii uda\u0142o si\u0119 zebra\u0107 oko\u0142o <strong>200&nbsp;egzem\u00adpla\u00adrzy lite\u00adra\u00adtury dzie\u00adci\u0119\u00adcej<\/strong>, kt\u00f3re zosta\u0142y prze\u00adka\u00adzane na r\u0119ce pra\u00adcow\u00adni\u00adk\u00f3w Cen\u00adtrum Wolon\u00adta\u00adriatu Wydzia\u0142 Nauk o&nbsp;Zdro\u00adwiu UMB. Doce\u00adlowo ksi\u0105\u017cki te tra\u00adfi\u0142y do Uni\u00adwer\u00adsy\u00adtec\u00adkiego Dzie\u00adci\u0119\u00adcego Szpi\u00adtala Kli\u00adnicz\u00adnego im. L.&nbsp;Zamen\u00adhofa w&nbsp;Bia\u00ad\u0142ym\u00adstoku.<\/p>\n<p>Akcja trwa nie\u00adprze\u00adrwa\u00adnie od 2017&nbsp;roku. Przez kolejne lata suk\u00adce\u00adsyw\u00adnie dostar\u00adczamy do Bia\u00ad\u0142o\u00adstoc\u00adkiego Cen\u00adtrum Onko\u00adlo\u00adgii ksi\u0105\u017cki, kt\u00f3re maj\u0105 za cel umi\u00adla\u0107 czas pacjen\u00adtom prze\u00adby\u00adwa\u00adj\u0105\u00adcym na oddzia\u00ad\u0142ach.<\/p>\n<p>Jeste\u00ad\u015bmy bar\u00addzo wdzi\u0119czni naszym Dar\u00adczy\u0144\u00adcom i&nbsp;dzi\u0119\u00adku\u00adjemy za wiel\u00adkie serca.<\/p>\nngg_shortcode_0_placeholder\n","protected":false},"excerpt":{"rendered":"<p>Oka\u00adzuje si\u0119, \u017ce ksi\u0105\u017cka ma nie\u00adzwy\u00adk\u0142\u0105 moc i \u0142\u0105czy ludzi. Prze\u00adko\u00adnuj\u0105 si\u0119 [&hellip;]<\/p>\n","protected":false},"author":15,"featured_media":1039,"parent":988,"menu_order":2,"comment_status":"closed","ping_status":"closed","template":"","meta":{"ngg_post_thumbnail":0,"footnotes":""},"class_list":["post-1007","page","type-page","status-publish","has-post-thumbnail","hentry"],"_links":{"self":[{"href":"https:\/\/biblioteka.pb.edu.pl\/historia\/wp-json\/wp\/v2\/pages\/1007","targetHints":{"allow":["GET"]}}],"collection":[{"href":"https:\/\/biblioteka.pb.edu.pl\/historia\/wp-json\/wp\/v2\/pages"}],"about":[{"href":"https:\/\/biblioteka.pb.edu.pl\/historia\/wp-json\/wp\/v2\/types\/page"}],"author":[{"embeddable":true,"href":"https:\/\/biblioteka.pb.edu.pl\/historia\/wp-json\/wp\/v2\/users\/15"}],"replies":[{"embeddable":true,"href":"https:\/\/biblioteka.pb.edu.pl\/historia\/wp-json\/wp\/v2\/comments?post=1007"}],"version-history":[{"count":7,"href":"https:\/\/biblioteka.pb.edu.pl\/historia\/wp-json\/wp\/v2\/pages\/1007\/revisions"}],"predecessor-version":[{"id":1099,"href":"https:\/\/biblioteka.pb.edu.pl\/historia\/wp-json\/wp\/v2\/pages\/1007\/revisions\/1099"}],"up":[{"embeddable":true,"href":"https:\/\/biblioteka.pb.edu.pl\/historia\/wp-json\/wp\/v2\/pages\/988"}],"wp:featuredmedia":[{"embeddable":true,"href":"https:\/\/biblioteka.pb.edu.pl\/historia\/wp-json\/wp\/v2\/media\/1039"}],"wp:attachment":[{"href":"https:\/\/biblioteka.pb.edu.pl\/historia\/wp-json\/wp\/v2\/media?parent=1007"}],"curies":[{"name":"wp","href":"https:\/\/api.w.org\/{rel}","templated":true}]}}