{"id":1009,"date":"2026-01-09T13:48:02","date_gmt":"2026-01-09T12:48:02","guid":{"rendered":"https:\/\/biblioteka.pb.edu.pl\/historia\/?page_id=1009"},"modified":"2026-01-14T14:15:01","modified_gmt":"2026-01-14T13:15:01","slug":"sam-zadbaj-o-swoje-bezpieczenstwo","status":"publish","type":"page","link":"https:\/\/biblioteka.pb.edu.pl\/historia\/nasze-akcje\/sam-zadbaj-o-swoje-bezpieczenstwo\/","title":{"rendered":"Sam zadbaj o swoje bezpiecze\u0144stwo"},"content":{"rendered":"<p>Kam\u00adpa\u00adnia spo\u00ad\u0142eczna, kt\u00f3\u00adrej orga\u00adni\u00adza\u00adto\u00adrami byli <em>Poli\u00adtech\u00adnika Bia\u00ad\u0142o\u00adstocka<\/em>, <em>Woje\u00adw\u00f3dzki O\u015bro\u00addek Ruchu Dro\u00adgo\u00adwego w&nbsp;Bia\u00ad\u0142ym\u00adstoku<\/em> oraz <em>Komenda Miej\u00adska Poli\u00adcji w&nbsp;Bia\u00ad\u0142ym\u00adstoku<\/em> wynik\u0142a z potrzeby zwi\u0119k\u00adsze\u00adnia \u015bwia\u00addo\u00admo\u00ad\u015bci miesz\u00adka\u0144\u00adc\u00f3w Bia\u00ad\u0142e\u00adgo\u00adstoku w zakre\u00adsie bez\u00adpie\u00adcze\u0144\u00adstwa rowe\u00adrzy\u00adst\u00f3w. Nasza akcja pod has\u0142em <strong>\u201eSam zadbaj o&nbsp;swoje bez\u00adpie\u00adcze\u0144\u00adstwo\u201d<\/strong> mia\u0142a na celu poka\u00adza\u00adnie uczest\u00adni\u00adkom ruchu dro\u00adgo\u00adwego, \u017ce pra\u00adwi\u00add\u0142owe zacho\u00adwa\u00adnia na dro\u00addze, \u017cycz\u00adli\u00adwo\u015b\u0107 w sto\u00adsunku do innych, brak agre\u00adsji, prze\u00adstrze\u00adga\u00adnie prze\u00adpi\u00ads\u00f3w wp\u0142yn\u0105 na zmniej\u00adsze\u00adnie ryzyka wypad\u00adk\u00f3w. Trwa\u0142a w latach 2014-2016.<\/p>\nngg_shortcode_0_placeholder\n","protected":false},"excerpt":{"rendered":"<p>Kam\u00adpa\u00adnia spo\u00ad\u0142eczna, kt\u00f3\u00adrej orga\u00adni\u00adza\u00adto\u00adrami byli Poli\u00adtech\u00adnika Bia\u00ad\u0142o\u00adstocka, Woje\u00adw\u00f3dzki O\u015bro\u00addek Ruchu Dro\u00adgo\u00adwego w&nbsp;Bia\u00ad\u0142ym\u00adstoku [&hellip;]<\/p>\n","protected":false},"author":15,"featured_media":1046,"parent":988,"menu_order":3,"comment_status":"closed","ping_status":"closed","template":"","meta":{"ngg_post_thumbnail":0,"footnotes":""},"class_list":["post-1009","page","type-page","status-publish","has-post-thumbnail","hentry"],"_links":{"self":[{"href":"https:\/\/biblioteka.pb.edu.pl\/historia\/wp-json\/wp\/v2\/pages\/1009","targetHints":{"allow":["GET"]}}],"collection":[{"href":"https:\/\/biblioteka.pb.edu.pl\/historia\/wp-json\/wp\/v2\/pages"}],"about":[{"href":"https:\/\/biblioteka.pb.edu.pl\/historia\/wp-json\/wp\/v2\/types\/page"}],"author":[{"embeddable":true,"href":"https:\/\/biblioteka.pb.edu.pl\/historia\/wp-json\/wp\/v2\/users\/15"}],"replies":[{"embeddable":true,"href":"https:\/\/biblioteka.pb.edu.pl\/historia\/wp-json\/wp\/v2\/comments?post=1009"}],"version-history":[{"count":6,"href":"https:\/\/biblioteka.pb.edu.pl\/historia\/wp-json\/wp\/v2\/pages\/1009\/revisions"}],"predecessor-version":[{"id":1047,"href":"https:\/\/biblioteka.pb.edu.pl\/historia\/wp-json\/wp\/v2\/pages\/1009\/revisions\/1047"}],"up":[{"embeddable":true,"href":"https:\/\/biblioteka.pb.edu.pl\/historia\/wp-json\/wp\/v2\/pages\/988"}],"wp:featuredmedia":[{"embeddable":true,"href":"https:\/\/biblioteka.pb.edu.pl\/historia\/wp-json\/wp\/v2\/media\/1046"}],"wp:attachment":[{"href":"https:\/\/biblioteka.pb.edu.pl\/historia\/wp-json\/wp\/v2\/media?parent=1009"}],"curies":[{"name":"wp","href":"https:\/\/api.w.org\/{rel}","templated":true}]}}