{"id":1011,"date":"2026-01-09T13:48:48","date_gmt":"2026-01-09T12:48:48","guid":{"rendered":"https:\/\/biblioteka.pb.edu.pl\/historia\/?page_id=1011"},"modified":"2026-01-14T10:43:34","modified_gmt":"2026-01-14T09:43:34","slug":"ksiazka-za-usmiech","status":"publish","type":"page","link":"https:\/\/biblioteka.pb.edu.pl\/historia\/nasze-akcje\/ksiazka-za-usmiech\/","title":{"rendered":"Ksi\u0105\u017cka za u\u015bmiech"},"content":{"rendered":"<p>Kam\u00adpa\u00adnia <strong>\u201eKsi\u0105\u017cka za u\u015bmiech\u201d<\/strong> trwa\u0142a w Biblio\u00adtece Poli\u00adtech\u00adniki Bia\u00ad\u0142o\u00adstoc\u00adkiej od 2013 r. do 2023 r. i cie\u00adszy\u0142a si\u0119 bar\u00addzo du\u017cym zain\u00adte\u00adre\u00adso\u00adwa\u00adniem w\u015br\u00f3d spo\u00ad\u0142e\u00adczno\u015bci naszej Uczelni.<\/p>\n<p>W ramach tej akcji mo\u017cna by\u0142o podzie\u00adli\u0107 si\u0119 z innymi tym, co ju\u017c zosta\u0142o prze\u00adczy\u00adtane.<br \/>\nNa \u201e<em>book\u00adcros\u00adsin\u00adgo\u00adwym<\/em>\u201d regale umiesz\u00adczane by\u0142y ksi\u0105\u017cki, kt\u00f3re czytelnicy mogli zabra\u0107 do domu.<\/p>\n<p>&nbsp;<\/p>\n","protected":false},"excerpt":{"rendered":"<p>Kam\u00adpa\u00adnia \u201eKsi\u0105\u017cka za u\u015bmiech\u201d trwa\u0142a w Biblio\u00adtece Poli\u00adtech\u00adniki Bia\u00ad\u0142o\u00adstoc\u00adkiej od 2013 r. [&hellip;]<\/p>\n","protected":false},"author":15,"featured_media":1068,"parent":988,"menu_order":4,"comment_status":"closed","ping_status":"closed","template":"","meta":{"ngg_post_thumbnail":0,"footnotes":""},"class_list":["post-1011","page","type-page","status-publish","has-post-thumbnail","hentry"],"_links":{"self":[{"href":"https:\/\/biblioteka.pb.edu.pl\/historia\/wp-json\/wp\/v2\/pages\/1011","targetHints":{"allow":["GET"]}}],"collection":[{"href":"https:\/\/biblioteka.pb.edu.pl\/historia\/wp-json\/wp\/v2\/pages"}],"about":[{"href":"https:\/\/biblioteka.pb.edu.pl\/historia\/wp-json\/wp\/v2\/types\/page"}],"author":[{"embeddable":true,"href":"https:\/\/biblioteka.pb.edu.pl\/historia\/wp-json\/wp\/v2\/users\/15"}],"replies":[{"embeddable":true,"href":"https:\/\/biblioteka.pb.edu.pl\/historia\/wp-json\/wp\/v2\/comments?post=1011"}],"version-history":[{"count":6,"href":"https:\/\/biblioteka.pb.edu.pl\/historia\/wp-json\/wp\/v2\/pages\/1011\/revisions"}],"predecessor-version":[{"id":1070,"href":"https:\/\/biblioteka.pb.edu.pl\/historia\/wp-json\/wp\/v2\/pages\/1011\/revisions\/1070"}],"up":[{"embeddable":true,"href":"https:\/\/biblioteka.pb.edu.pl\/historia\/wp-json\/wp\/v2\/pages\/988"}],"wp:featuredmedia":[{"embeddable":true,"href":"https:\/\/biblioteka.pb.edu.pl\/historia\/wp-json\/wp\/v2\/media\/1068"}],"wp:attachment":[{"href":"https:\/\/biblioteka.pb.edu.pl\/historia\/wp-json\/wp\/v2\/media?parent=1011"}],"curies":[{"name":"wp","href":"https:\/\/api.w.org\/{rel}","templated":true}]}}