{"id":1017,"date":"2026-01-09T13:50:18","date_gmt":"2026-01-09T12:50:18","guid":{"rendered":"https:\/\/biblioteka.pb.edu.pl\/historia\/?page_id=1017"},"modified":"2026-01-13T14:24:26","modified_gmt":"2026-01-13T13:24:26","slug":"coworking-w-bibliotece-pb","status":"publish","type":"page","link":"https:\/\/biblioteka.pb.edu.pl\/historia\/nasze-akcje\/coworking-w-bibliotece-pb\/","title":{"rendered":"Coworking w Bibliotece PB"},"content":{"rendered":"<h1 class=\"page-title\"><strong class=\"coworking\" style=\"font-size: 16px\">Konkurs na projekt strefy coworkingowej w Bibliotece Politechniki Bia\u0142ostockiej \u2013 \u201eCoworking w Bibliotece PB\u201d<\/strong><span style=\"font-size: 16px\">&nbsp;odbywa si\u0119 pod honorowym patronatem Rektora Politechniki Bia\u0142ostockiej.<\/span><\/h1>\n<div class=\"page-content\">\n<p>Celem konkursu jest wyb\u00f3r najlepszych prac prezentuj\u0105cych nowatorskie rozwi\u0105zania aran\u017cacji przestrzeni coworkingowej w Bibliotece Politechniki Bia\u0142ostockiej.<\/p>\n<p>Wydarzeniu towarzyszy wystawa prac konkursowych w holu Biblioteki PB, kt\u00f3r\u0105 mo\u017cna ogl\u0105da\u0107 od 6 grudnia.<\/p>\n<p>Nagroda publiczno\u015bci zostanie przyznana autorowi wizualizacji, kt\u00f3ra uzyska najwi\u0119ksz\u0105 liczb\u0119 g\u0142os\u00f3w w g\u0142osowaniu elektronicznym. Mo\u017cliwe jest jednokrotne oddanie g\u0142osu przez studenta, doktoranta lub pracownika Politechniki Bia\u0142ostockiej posiadaj\u0105cego konto w domenie @student.pb.edu.pl, @sd.pb.edu.pl lub @pb.edu.pl<\/p>\n<p><strong class=\"coworking\">G\u0142os na wybrany projekt mo\u017cna odda\u0107 do 18 grudnia 2022 r. z poziomu formularza elektronicznego dost\u0119pnego pod pracami konkursowymi.<\/strong><\/p>\n<p><strong class=\"coworking\">Zapraszamy do g\u0142osowania!<\/strong><\/p>\n<p>Szczeg\u00f3\u0142owe informacje s\u0105 dost\u0119pne w&nbsp;<a class=\"pdf\" title=\"otworzy si\u0119 w nowej karcie\" href=\"https:\/\/biblioteka.pb.edu.pl\/app\/uploads\/2022\/11\/Regulamin-Konkursu-na-projekt-strefy-coworkingowej-w-Bibliotece-PB.pdf\" target=\"_blank\" rel=\"noopener\" data-id=\"4472\">Regulaminie Konkursu (PDF, wersja dost\u0119pna cyfrowo, 175 KB)<\/a>.<br \/>\n&nbsp;<\/p>\n<div class=\"h2\">Projekty konkursowe<\/div>\n<p>&nbsp;<\/p>\n<div class=\"row coworking\">\n<div class=\"col-md-4 col-lg-2 text-center\"><strong>01<br \/>\nKuczewska (Rutkowska) Kamila<\/strong><br \/>\n<a href=\"https:\/\/biblioteka.pb.edu.pl\/app\/uploads\/2022\/12\/coworking-w-bpb_01_cover.jpg\"><img loading=\"lazy\" decoding=\"async\" class=\"aligncenter wp-image-4663 size-full\" src=\"https:\/\/biblioteka.pb.edu.pl\/app\/uploads\/2022\/12\/coworking-w-bpb_01_cover.jpg\" alt=\"Projekt 01\" width=\"1920\" height=\"914\"><\/a><a class=\"foto no-popup\" title=\"otworzy si\u0119 w nowej karcie\" href=\"https:\/\/biblioteka.pb.edu.pl\/app\/uploads\/2022\/12\/coworking-w-bpb_01.jpg\" target=\"_blank\" rel=\"noopener\" data-id=\"4482\">Projekt 01 (JPG, 4.3 MB)<\/a><\/div>\n<div class=\"col-md-4 col-lg-2 text-center\"><strong>02<br \/>\nStolarewska Margarita<\/strong><br \/>\n<a href=\"https:\/\/biblioteka.pb.edu.pl\/app\/uploads\/2022\/12\/coworking-w-bpb_02_cover.jpg\"><img loading=\"lazy\" decoding=\"async\" class=\"aligncenter wp-image-4665 size-full\" src=\"https:\/\/biblioteka.pb.edu.pl\/app\/uploads\/2022\/12\/coworking-w-bpb_02_cover.jpg\" alt=\"Projekt 02\" width=\"1920\" height=\"914\"><\/a><a class=\"foto no-popup\" title=\"otworzy si\u0119 w nowej karcie\" href=\"https:\/\/biblioteka.pb.edu.pl\/app\/uploads\/2022\/12\/coworking-w-bpb_02.jpg\" target=\"_blank\" rel=\"noopener\" data-id=\"4482\">Projekt 02 (JPG, 4.6 MB)<\/a><\/div>\n<div class=\"col-md-4 col-lg-2 text-center\"><strong>03<br \/>\nKu\u017ama Karolina<\/strong><br \/>\n<a href=\"https:\/\/biblioteka.pb.edu.pl\/app\/uploads\/2022\/12\/coworking-w-bpb_03_cover.jpg\"><img loading=\"lazy\" decoding=\"async\" class=\"aligncenter wp-image-4667 size-full\" src=\"https:\/\/biblioteka.pb.edu.pl\/app\/uploads\/2022\/12\/coworking-w-bpb_03_cover.jpg\" alt=\"Projekt 03\" width=\"1920\" height=\"914\"><\/a><a class=\"foto no-popup\" title=\"otworzy si\u0119 w nowej karcie\" href=\"https:\/\/biblioteka.pb.edu.pl\/app\/uploads\/2022\/12\/coworking-w-bpb_03.jpg\" target=\"_blank\" rel=\"noopener\" data-id=\"4482\">Projekt 03 (JPG, 4.3 MB)<\/a><\/div>\n<div class=\"col-md-4 col-lg-2 text-center\"><strong>04<br \/>\nChrz\u0119st Aleksandra<\/strong><br \/>\n<a href=\"https:\/\/biblioteka.pb.edu.pl\/app\/uploads\/2022\/12\/coworking-w-bpb_04_cover.jpg\"><img loading=\"lazy\" decoding=\"async\" class=\"aligncenter wp-image-4669 size-full\" src=\"https:\/\/biblioteka.pb.edu.pl\/app\/uploads\/2022\/12\/coworking-w-bpb_04_cover.jpg\" alt=\"Projekt 04\" width=\"1920\" height=\"914\"><\/a><a class=\"foto no-popup\" title=\"otworzy si\u0119 w nowej karcie\" href=\"https:\/\/biblioteka.pb.edu.pl\/app\/uploads\/2022\/12\/coworking-w-bpb_04.jpg\" target=\"_blank\" rel=\"noopener\" data-id=\"4482\">Projekt 04 (JPG, 5.8 MB)<\/a><\/div>\n<div class=\"col-md-4 col-lg-2 text-center\"><strong>05<br \/>\nAleksiejuk Paulina<\/strong><br \/>\n<a href=\"https:\/\/biblioteka.pb.edu.pl\/app\/uploads\/2022\/12\/coworking-w-bpb_05_cover.jpg\"><img loading=\"lazy\" decoding=\"async\" class=\"aligncenter wp-image-4671 size-full\" src=\"https:\/\/biblioteka.pb.edu.pl\/app\/uploads\/2022\/12\/coworking-w-bpb_05_cover.jpg\" alt=\"Projekt 05\" width=\"1920\" height=\"914\"><\/a><a class=\"foto no-popup\" title=\"otworzy si\u0119 w nowej karcie\" href=\"https:\/\/biblioteka.pb.edu.pl\/app\/uploads\/2022\/12\/coworking-w-bpb_05.jpg\" target=\"_blank\" rel=\"noopener\" data-id=\"4482\">Projekt 05 (JPG, 4.3 MB)<\/a><\/div>\n<div class=\"col-md-4 col-lg-2 text-center\"><strong>06<br \/>\nD\u0105browska Aleksandra<\/strong><br \/>\n<a href=\"https:\/\/biblioteka.pb.edu.pl\/app\/uploads\/2022\/12\/coworking-w-bpb_06_cover.jpg\"><img loading=\"lazy\" decoding=\"async\" class=\"aligncenter wp-image-4680 size-full\" src=\"https:\/\/biblioteka.pb.edu.pl\/app\/uploads\/2022\/12\/coworking-w-bpb_06_cover.jpg\" alt=\"Projekt 06\" width=\"1920\" height=\"914\"><\/a><a class=\"foto no-popup\" title=\"otworzy si\u0119 w nowej karcie\" href=\"https:\/\/biblioteka.pb.edu.pl\/app\/uploads\/2022\/12\/coworking-w-bpb_06.jpg\" target=\"_blank\" rel=\"noopener\" data-id=\"4482\">Projekt 06 (JPG, 3.9 MB)<\/a><\/div>\n<\/div>\n<div class=\"row coworking\">\n<div class=\"col-md-4 col-lg-2 text-center\"><strong>07<br \/>\nBartashevich Kanstantsin<\/strong><br \/>\n<a href=\"https:\/\/biblioteka.pb.edu.pl\/app\/uploads\/2022\/12\/coworking-w-bpb_07_cover.jpg\"><img loading=\"lazy\" decoding=\"async\" class=\"aligncenter wp-image-4685 size-full\" src=\"https:\/\/biblioteka.pb.edu.pl\/app\/uploads\/2022\/12\/coworking-w-bpb_07_cover.jpg\" alt=\"Projekt 07\" width=\"1920\" height=\"914\"><\/a><a class=\"foto no-popup\" title=\"otworzy si\u0119 w nowej karcie\" href=\"https:\/\/biblioteka.pb.edu.pl\/app\/uploads\/2022\/12\/coworking-w-bpb_07.jpg\" target=\"_blank\" rel=\"noopener\" data-id=\"4482\">Projekt 07 (JPG, 3.6 MB)<\/a><\/div>\n<div class=\"col-md-4 col-lg-2 text-center\"><strong>08<br \/>\nChojnowska Anna<\/strong><br \/>\n<a href=\"https:\/\/biblioteka.pb.edu.pl\/app\/uploads\/2022\/12\/coworking-w-bpb_08_cover.jpg\"><img loading=\"lazy\" decoding=\"async\" class=\"aligncenter wp-image-4687 size-full\" src=\"https:\/\/biblioteka.pb.edu.pl\/app\/uploads\/2022\/12\/coworking-w-bpb_08_cover.jpg\" alt=\"Projekt 08\" width=\"1920\" height=\"914\"><\/a><a class=\"foto no-popup\" title=\"otworzy si\u0119 w nowej karcie\" href=\"https:\/\/biblioteka.pb.edu.pl\/app\/uploads\/2022\/12\/coworking-w-bpb_08.jpg\" target=\"_blank\" rel=\"noopener\" data-id=\"4482\">Projekt 08 (JPG, 4.5 MB)<\/a><\/div>\n<div class=\"col-md-4 col-lg-2 text-center\"><strong>09<br \/>\nFilas-Kaczan Joanna Maria<\/strong><br \/>\n<a href=\"https:\/\/biblioteka.pb.edu.pl\/app\/uploads\/2022\/12\/coworking-w-bpb_09_cover.jpg\"><img loading=\"lazy\" decoding=\"async\" class=\"aligncenter wp-image-4689 size-full\" src=\"https:\/\/biblioteka.pb.edu.pl\/app\/uploads\/2022\/12\/coworking-w-bpb_09_cover.jpg\" alt=\"Projekt 09\" width=\"1920\" height=\"549\"><\/a><a class=\"foto no-popup\" title=\"otworzy si\u0119 w nowej karcie\" href=\"https:\/\/biblioteka.pb.edu.pl\/app\/uploads\/2022\/12\/coworking-w-bpb_09.jpg\" target=\"_blank\" rel=\"noopener\" data-id=\"4482\">Projekt 09 (JPG, 7.6 MB)<\/a><\/div>\n<div class=\"col-md-4 col-lg-2 text-center\"><strong>10<br \/>\nSkoczek Julia<\/strong><br \/>\n<a href=\"https:\/\/biblioteka.pb.edu.pl\/app\/uploads\/2022\/12\/coworking-w-bpb_10_cover.jpg\"><img loading=\"lazy\" decoding=\"async\" class=\"aligncenter wp-image-4691 size-full\" src=\"https:\/\/biblioteka.pb.edu.pl\/app\/uploads\/2022\/12\/coworking-w-bpb_10_cover.jpg\" alt=\"Projekt 10\" width=\"1920\" height=\"892\"><\/a><a class=\"foto no-popup\" title=\"otworzy si\u0119 w nowej karcie\" href=\"https:\/\/biblioteka.pb.edu.pl\/app\/uploads\/2022\/12\/coworking-w-bpb_10.jpg\" target=\"_blank\" rel=\"noopener\" data-id=\"4482\">Projekt 10 (JPG, 5.4 MB)<\/a><\/div>\n<div class=\"col-md-4 col-lg-2 text-center\"><strong>11<br \/>\nIwaszczuk Weronika<\/strong><br \/>\n<a href=\"https:\/\/biblioteka.pb.edu.pl\/app\/uploads\/2022\/12\/coworking-w-bpb_11_cover.jpg\"><img loading=\"lazy\" decoding=\"async\" class=\"aligncenter wp-image-4693 size-full\" src=\"https:\/\/biblioteka.pb.edu.pl\/app\/uploads\/2022\/12\/coworking-w-bpb_11_cover.jpg\" alt=\"Projekt 11\" width=\"1920\" height=\"892\"><\/a><a class=\"foto no-popup\" title=\"otworzy si\u0119 w nowej karcie\" href=\"https:\/\/biblioteka.pb.edu.pl\/app\/uploads\/2022\/12\/coworking-w-bpb_11.jpg\" target=\"_blank\" rel=\"noopener\" data-id=\"4482\">Projekt 11 (JPG, 4.8 MB)<\/a><\/div>\n<div class=\"col-md-4 col-lg-2 text-center\"><strong>12<br \/>\nPrzybyszewska Natalia<\/strong><br \/>\n<a href=\"https:\/\/biblioteka.pb.edu.pl\/app\/uploads\/2022\/12\/coworking-w-bpb_12_cover.jpg\"><img loading=\"lazy\" decoding=\"async\" class=\"aligncenter wp-image-4695 size-full\" src=\"https:\/\/biblioteka.pb.edu.pl\/app\/uploads\/2022\/12\/coworking-w-bpb_12_cover.jpg\" alt=\"Projekt 12\" width=\"1920\" height=\"914\"><\/a><a class=\"foto no-popup\" title=\"otworzy si\u0119 w nowej karcie\" href=\"https:\/\/biblioteka.pb.edu.pl\/app\/uploads\/2022\/12\/coworking-w-bpb_12.jpg\" target=\"_blank\" rel=\"noopener\" data-id=\"4482\">Projekt 12 (JPG, 4.6 MB)<\/a><\/div>\n<\/div>\n<div class=\"row coworking\">\n<div class=\"col-md-hidden col-lg-3 text-center\">&nbsp;<\/div>\n<div class=\"col-md-4 col-lg-2 text-center\"><strong>13<br \/>\nCzajka Micha\u0142<\/strong><br \/>\n<a href=\"https:\/\/biblioteka.pb.edu.pl\/app\/uploads\/2022\/12\/coworking-w-bpb_13_cover.jpg\"><img loading=\"lazy\" decoding=\"async\" class=\"aligncenter wp-image-4697 size-full\" src=\"https:\/\/biblioteka.pb.edu.pl\/app\/uploads\/2022\/12\/coworking-w-bpb_13_cover.jpg\" alt=\"Projekt 13\" width=\"1920\" height=\"905\"><\/a><a class=\"foto no-popup\" title=\"otworzy si\u0119 w nowej karcie\" href=\"https:\/\/biblioteka.pb.edu.pl\/app\/uploads\/2022\/12\/coworking-w-bpb_13.jpg\" target=\"_blank\" rel=\"noopener\" data-id=\"4482\">Projekt 13 (JPG, 3.9 MB)<\/a><\/div>\n<div class=\"col-md-4 col-lg-2 text-center\"><strong>14<br \/>\nOssowska Julia<\/strong><br \/>\n<a href=\"https:\/\/biblioteka.pb.edu.pl\/app\/uploads\/2022\/12\/coworking-w-bpb_14_cover.jpg\"><img loading=\"lazy\" decoding=\"async\" class=\"aligncenter wp-image-4740 size-full\" src=\"https:\/\/biblioteka.pb.edu.pl\/app\/uploads\/2022\/12\/coworking-w-bpb_14_cover.jpg\" alt=\"Projekt 14\" width=\"1920\" height=\"914\"><\/a><a class=\"foto no-popup\" title=\"otworzy si\u0119 w nowej karcie\" href=\"https:\/\/biblioteka.pb.edu.pl\/app\/uploads\/2022\/12\/coworking-w-bpb_14.jpg\" target=\"_blank\" rel=\"noopener\" data-id=\"4482\">Projekt 14 (JPG, 3.9 MB)<\/a><\/div>\n<div class=\"col-md-4 col-lg-2 text-center\"><strong>15<br \/>\nRzepniewska Klaudia<\/strong><br \/>\n<a href=\"https:\/\/biblioteka.pb.edu.pl\/app\/uploads\/2022\/12\/coworking-w-bpb_15_cover.jpg\"><img loading=\"lazy\" decoding=\"async\" class=\"aligncenter wp-image-4699 size-full\" src=\"https:\/\/biblioteka.pb.edu.pl\/app\/uploads\/2022\/12\/coworking-w-bpb_15_cover.jpg\" alt=\"Projekt 15\" width=\"1920\" height=\"914\"><\/a><a class=\"foto no-popup\" title=\"otworzy si\u0119 w nowej karcie\" href=\"https:\/\/biblioteka.pb.edu.pl\/app\/uploads\/2022\/12\/coworking-w-bpb_15.jpg\" target=\"_blank\" rel=\"noopener\" data-id=\"4482\">Projekt 15 (JPG, 5.9 MB)<\/a><\/div>\n<div class=\"col-md-hidden col-lg-3 text-center\">&nbsp;<\/div>\n<\/div>\n<p>&nbsp;<\/p>\n<div class=\"h2\">Formularz do g\u0142osowania<\/div>\n<p>&nbsp;<\/p>\n<p><strong>G\u0142osowanie zako\u0144czone.<\/strong><br \/>\n&nbsp;<\/p>\n<\/div>\n","protected":false},"excerpt":{"rendered":"<p>Konkurs na projekt strefy coworkingowej w Bibliotece Politechniki Bia\u0142ostockiej \u2013 \u201eCoworking w [&hellip;]<\/p>\n","protected":false},"author":15,"featured_media":0,"parent":988,"menu_order":0,"comment_status":"closed","ping_status":"closed","template":"","meta":{"ngg_post_thumbnail":0,"footnotes":""},"class_list":["post-1017","page","type-page","status-publish","hentry"],"_links":{"self":[{"href":"https:\/\/biblioteka.pb.edu.pl\/historia\/wp-json\/wp\/v2\/pages\/1017","targetHints":{"allow":["GET"]}}],"collection":[{"href":"https:\/\/biblioteka.pb.edu.pl\/historia\/wp-json\/wp\/v2\/pages"}],"about":[{"href":"https:\/\/biblioteka.pb.edu.pl\/historia\/wp-json\/wp\/v2\/types\/page"}],"author":[{"embeddable":true,"href":"https:\/\/biblioteka.pb.edu.pl\/historia\/wp-json\/wp\/v2\/users\/15"}],"replies":[{"embeddable":true,"href":"https:\/\/biblioteka.pb.edu.pl\/historia\/wp-json\/wp\/v2\/comments?post=1017"}],"version-history":[{"count":6,"href":"https:\/\/biblioteka.pb.edu.pl\/historia\/wp-json\/wp\/v2\/pages\/1017\/revisions"}],"predecessor-version":[{"id":1051,"href":"https:\/\/biblioteka.pb.edu.pl\/historia\/wp-json\/wp\/v2\/pages\/1017\/revisions\/1051"}],"up":[{"embeddable":true,"href":"https:\/\/biblioteka.pb.edu.pl\/historia\/wp-json\/wp\/v2\/pages\/988"}],"wp:attachment":[{"href":"https:\/\/biblioteka.pb.edu.pl\/historia\/wp-json\/wp\/v2\/media?parent=1017"}],"curies":[{"name":"wp","href":"https:\/\/api.w.org\/{rel}","templated":true}]}}