{"id":12,"date":"2021-06-14T23:18:54","date_gmt":"2021-06-14T21:18:54","guid":{"rendered":"http:\/\/poprzednia.biblioteka.pb.edu.pl\/historia\/?page_id=12"},"modified":"2022-08-01T13:07:43","modified_gmt":"2022-08-01T11:07:43","slug":"poczet-dyrektorow","status":"publish","type":"page","link":"https:\/\/biblioteka.pb.edu.pl\/historia\/poczet-dyrektorow\/","title":{"rendered":"Poczet dyrektor\u00f3w"},"content":{"rendered":"      <div class=\"team\">\n      <div class=\"row justify-content-center\">\n                  <div class=\"col-md-3\">\n            <div class=\"team-item\">\n              <div class=\"team-item-image\">\n                <img decoding=\"async\" class=\"img-fluid\" src=\"https:\/\/biblioteka.pb.edu.pl\/app\/uploads\/sites\/2\/2022\/08\/e-kierejczuk-small-3-scaled.jpg\" alt=\"\">\n              <\/div>\n              <div class=\"team-item-name\">mgr El\u017cbieta Kierejczuk<\/div>\n              <p class=\"team-item-position\">od 2022<\/p>\n            <\/div>\n          <\/div>\n                  <div class=\"col-md-3\">\n            <div class=\"team-item\">\n              <div class=\"team-item-image\">\n                <img decoding=\"async\" class=\"img-fluid\" src=\"https:\/\/biblioteka.pb.edu.pl\/app\/uploads\/sites\/2\/2021\/09\/MariaCzyzewska900-12.jpg\" alt=\"Kobieta o jasnych w\u0142osach i delikatnie zarysowanym u\u015bmiechu Ubrana w czerwony \u017cakiet, na szyi ma czerwone korale Stoi na tle rega\u0142u z ksi\u0105\u017ckami. Grzbiety ksi\u0105\u017cek oklejone s\u0105 kolorowymi paskami\">\n              <\/div>\n              <div class=\"team-item-name\">mgr Maria Czy\u017cewska, dyrektor<\/div>\n              <p class=\"team-item-position\">2019 - 2022<\/p>\n            <\/div>\n          <\/div>\n                  <div class=\"col-md-3\">\n            <div class=\"team-item\">\n              <div class=\"team-item-image\">\n                <img decoding=\"async\" class=\"img-fluid\" src=\"https:\/\/biblioteka.pb.edu.pl\/app\/uploads\/sites\/2\/2021\/09\/JoannaPutko355-12.jpg\" alt=\"U\u015bmiechni\u0119ta w \u015brednim wieku kobieta o blond w\u0142osach do ramion. Ubrana w szary \u017cakiet na kt\u00f3rym s\u0105 zarysowane wzory. Stoi na tle rega\u0142u z ksi\u0105\u017ckami.\">\n              <\/div>\n              <div class=\"team-item-name\">mgr Joanna Putko, dyrektor<\/div>\n              <p class=\"team-item-position\">2009 - 2018<\/p>\n            <\/div>\n          <\/div>\n                  <div class=\"col-md-3\">\n            <div class=\"team-item\">\n              <div class=\"team-item-image\">\n                <img decoding=\"async\" class=\"img-fluid\" src=\"https:\/\/biblioteka.pb.edu.pl\/app\/uploads\/sites\/2\/2021\/09\/BarbaraKubiak550-12.jpg\" alt=\"Kobieta w \u015brednim wieku o wyrazistym u\u015bmiechu i kr\u00f3tkich blond w\u0142osach, w okularach o z\u0142otej oprawie. Ubrana w \u017cakiet w be\u017cowo- czarn\u0105 kratk\u0119. Siedzi na tle \u015bciany w bia\u0142ym kolorze\">\n              <\/div>\n              <div class=\"team-item-name\">mgr Barbara Kubiak, dyrektor<\/div>\n              <p class=\"team-item-position\">1994 - 2009<\/p>\n            <\/div>\n          <\/div>\n                  <div class=\"col-md-3\">\n            <div class=\"team-item\">\n              <div class=\"team-item-image\">\n                <img decoding=\"async\" class=\"img-fluid\" src=\"https:\/\/biblioteka.pb.edu.pl\/app\/uploads\/sites\/2\/2021\/09\/BozenaSkolimowska721-12.jpg\" alt=\"Kobieta w \u015brednim wieku o ciemnych w\u0142osach z wyra\u017anie zaznaczonymi blond pasemkami. Na ramiona ma zarzucon\u0105 chust\u0119 w ciemnym czerwonym kolorze . Na szyi ma korale w odcieniu z\u0142otego be\u017cu. Siedzi na tle bia\u0142ej \u015bciany.\">\n              <\/div>\n              <div class=\"team-item-name\">mgr Bo\u017cena Skolimowska, dyrektor<\/div>\n              <p class=\"team-item-position\">1993 - 1994<\/p>\n            <\/div>\n          <\/div>\n                  <div class=\"col-md-3\">\n            <div class=\"team-item\">\n              <div class=\"team-item-image\">\n                <img decoding=\"async\" class=\"img-fluid\" src=\"https:\/\/biblioteka.pb.edu.pl\/app\/uploads\/sites\/2\/2021\/09\/HelenaKotkowska300-12.jpg\" alt=\"Kobieta w \u015brednim wieku o delikatnie zarysowanym u\u015bmiechu i rudych, kr\u0119conych w\u0142osach do ramion. Ubrana w bluzk\u0119 w kolorze pomara\u0144czowo-szaro-czarnym. Stoi na tle rega\u0142u z ksi\u0105\u017ckami. Na g\u00f3rnej p\u00f3\u0142ce stoi kwiat paproci.\">\n              <\/div>\n              <div class=\"team-item-name\">mgr Helena Kotkowska, dyrektor<\/div>\n              <p class=\"team-item-position\">1991 - 1993<\/p>\n            <\/div>\n          <\/div>\n                  <div class=\"col-md-3\">\n            <div class=\"team-item\">\n              <div class=\"team-item-image\">\n                <img decoding=\"async\" class=\"img-fluid\" src=\"https:\/\/biblioteka.pb.edu.pl\/app\/uploads\/sites\/2\/2021\/09\/ReginaSzymanska300-12.jpg\" alt=\"Kobieta w \u015brednim wieku o szerokim u\u015bmiechu i ciemnych w\u0142osach upi\u0119tych do g\u00f3ry. Ubrana w ciemny \u017cakiet. Na szyi ma d\u0142ugie ciemne korale W tle plakat zawieszony na bia\u0142ej \u015bcianie. Zdj\u0119cie czarno-bia\u0142e.\">\n              <\/div>\n              <div class=\"team-item-name\">mgr Regina Szyma\u0144ska, dyrektor<\/div>\n              <p class=\"team-item-position\">1967 - 1990 (1967 - 1974 kierownik) <\/p>\n            <\/div>\n          <\/div>\n                  <div class=\"col-md-3\">\n            <div class=\"team-item\">\n              <div class=\"team-item-image\">\n                <img decoding=\"async\" class=\"img-fluid\" src=\"https:\/\/biblioteka.pb.edu.pl\/app\/uploads\/sites\/2\/2021\/09\/KazimieraPiotrowska300-12.jpg\" alt=\"Kobieta w \u015brednim wieku o ciemnych w\u0142osach z lekko pochylon\u0105 w d\u00f3\u0142 g\u0142ow\u0105. Zdj\u0119cie czarno-bia\u0142e.\">\n              <\/div>\n              <div class=\"team-item-name\">mgr Kazimiera Piotrowska, kierownik<\/div>\n              <p class=\"team-item-position\">1963 - 1967<\/p>\n            <\/div>\n          <\/div>\n                  <div class=\"col-md-3\">\n            <div class=\"team-item\">\n              <div class=\"team-item-image\">\n                <img decoding=\"async\" class=\"img-fluid\" src=\"https:\/\/biblioteka.pb.edu.pl\/app\/uploads\/sites\/2\/2021\/09\/JaninaDabrowska630-12.jpg\" alt=\"Kobieta w \u015brednim wieku o ciemnych w\u0142osach upi\u0119tych. Ubrana w ciemny \u017cakiet. Na szyi ma jasne korale. Zdj\u0119cie czarno-bia\u0142e.\">\n              <\/div>\n              <div class=\"team-item-name\">Janina D\u0105browska, kierownik<\/div>\n              <p class=\"team-item-position\">1951 - 1962<\/p>\n            <\/div>\n          <\/div>\n              <\/div>\n    <\/div>\n  \n","protected":false},"excerpt":{"rendered":"","protected":false},"author":2,"featured_media":0,"parent":0,"menu_order":2,"comment_status":"closed","ping_status":"closed","template":"","meta":{"ngg_post_thumbnail":0,"footnotes":""},"class_list":["post-12","page","type-page","status-publish","hentry"],"_links":{"self":[{"href":"https:\/\/biblioteka.pb.edu.pl\/historia\/wp-json\/wp\/v2\/pages\/12","targetHints":{"allow":["GET"]}}],"collection":[{"href":"https:\/\/biblioteka.pb.edu.pl\/historia\/wp-json\/wp\/v2\/pages"}],"about":[{"href":"https:\/\/biblioteka.pb.edu.pl\/historia\/wp-json\/wp\/v2\/types\/page"}],"author":[{"embeddable":true,"href":"https:\/\/biblioteka.pb.edu.pl\/historia\/wp-json\/wp\/v2\/users\/2"}],"replies":[{"embeddable":true,"href":"https:\/\/biblioteka.pb.edu.pl\/historia\/wp-json\/wp\/v2\/comments?post=12"}],"version-history":[{"count":38,"href":"https:\/\/biblioteka.pb.edu.pl\/historia\/wp-json\/wp\/v2\/pages\/12\/revisions"}],"predecessor-version":[{"id":947,"href":"https:\/\/biblioteka.pb.edu.pl\/historia\/wp-json\/wp\/v2\/pages\/12\/revisions\/947"}],"wp:attachment":[{"href":"https:\/\/biblioteka.pb.edu.pl\/historia\/wp-json\/wp\/v2\/media?parent=12"}],"curies":[{"name":"wp","href":"https:\/\/api.w.org\/{rel}","templated":true}]}}