{"id":61,"date":"2021-06-21T11:04:47","date_gmt":"2021-06-21T09:04:47","guid":{"rendered":"http:\/\/poprzednia.biblioteka.pb.edu.pl\/historia\/?page_id=61"},"modified":"2022-04-07T09:59:41","modified_gmt":"2022-04-07T07:59:41","slug":"ul-grunwaldzka-i-ul-zolta-bialystok","status":"publish","type":"page","link":"https:\/\/biblioteka.pb.edu.pl\/historia\/przestrzen-biblioteki\/ul-grunwaldzka-i-ul-zolta-bialystok\/","title":{"rendered":"ul. Grunwaldzka i ul. \u017b\u00f3\u0142ta, Bia\u0142ystok"},"content":{"rendered":"<h2>Biblioteka Wieczorowej Szko\u0142y In\u017cynierskiej (od 1964 r. Wy\u017cszej Szko\u0142y In\u017cynierskiej) ul. Grunwaldzka 11\/15 i \u017b\u00f3\u0142ta 13<\/h2>\n<p>&nbsp;<\/p>\n<p><a href=\"https:\/\/biblioteka.pb.edu.pl\/app\/uploads\/sites\/2\/2021\/09\/Przestrzen-Grunwaldzka1-1920.jpg\"><img loading=\"lazy\" decoding=\"async\" class=\"aligncenter size-medium wp-image-454\" src=\"https:\/\/biblioteka.pb.edu.pl\/app\/uploads\/sites\/2\/2021\/09\/Przestrzen-Grunwaldzka1-1920-500x338.jpg\" alt=\"Zdj\u0119cie czarno-bia\u0142e. Kilka r\u00f3\u017cnej wysoko\u015bci budynk\u00f3w rozmieszczonych w przestrzeni miejskiej. Mi\u0119dzy budynkami du\u017co zieleni. W oddali wida\u0107 du\u017cy wielopi\u0119trowy budynek szkolny.\" width=\"500\" height=\"338\" \/><\/a><\/p>\n<p>&nbsp;<\/p>\n<p>W roku 1953 Wieczorowa Szko\u0142a In\u017cynierska uzyska\u0142a drugi budynek, bardziej okaza\u0142y, o kubaturze oko\u0142o 15 000 m sze\u015bc. przy ul. Grunwaldzkiej 11\/15 wraz z przylegaj\u0105cym do niego budynkiem przy ul. \u017b\u00f3\u0142tej 13, w kt\u00f3rych swoje pomieszczenia znalaz\u0142a m.in. biblioteka. Sta\u0142o si\u0119 to na mocy wydanej 29 czerwca 1953 roku uchwa\u0142y Prezydium Wojew\u00f3dzkiej Rady Narodowej.<\/p>\n<p>&nbsp;<\/p>\n<p><a href=\"https:\/\/biblioteka.pb.edu.pl\/app\/uploads\/sites\/2\/2021\/09\/Przestrzen-Zolta1-1773.jpg\"><img loading=\"lazy\" decoding=\"async\" class=\"aligncenter size-medium wp-image-458\" src=\"https:\/\/biblioteka.pb.edu.pl\/app\/uploads\/sites\/2\/2021\/09\/Przestrzen-Zolta1-1773-500x500.jpg\" alt=\"Szutrowa droga, na kt\u00f3rej ko\u0144cu wida\u0107 okaza\u0142y budynek kamienicy z jasn\u0105 elewacj\u0105. Po bokach drogi s\u0105 drewniane p\u0142oty i drobne drzewa.\" width=\"500\" height=\"500\" \/><\/a><\/p>\n<p>&nbsp;<\/p>\n<p>W pomieszczeniach przy ul. \u017b\u00f3\u0142tej 13 znajdowa\u0142y si\u0119 magazyny biblioteki oraz Wypo\u017cyczalnia. Jak wspomina Artur Wo\u0142ejszo, wieloletni pracownik Biblioteki PB, funkcjonowa\u0142a ona w tym miejscu do 1982 roku. \u0141\u0105cznie w obu budynkach swoje miejsce znalaz\u0142o 7 magazyn\u00f3w z materia\u0142ami bibliotecznymi.<\/p>\n<p>&nbsp;<\/p>\n<p><a href=\"https:\/\/biblioteka.pb.edu.pl\/app\/uploads\/sites\/2\/2021\/09\/Przestrzen-Grunwaldzka2-1920.jpg\"><img loading=\"lazy\" decoding=\"async\" class=\"aligncenter size-medium wp-image-455\" src=\"https:\/\/biblioteka.pb.edu.pl\/app\/uploads\/sites\/2\/2021\/09\/Przestrzen-Grunwaldzka2-1920-500x318.jpg\" alt=\"Budynek wielopi\u0119trowy z ceg\u0142y. Widoczny brak elewacji. Na wszystkich pi\u0119trach wida\u0107 du\u017ce okna.\" width=\"500\" height=\"318\" \/><\/a><\/p>\n<p>&nbsp;<\/p>\n<p>Budynek przy ul. Grunwaldzkiej 11\/15, podobnie jak poprzedni przy ul. Bia\u0142ej, r\u00f3wnie\u017c wymaga\u0142 gruntownej modernizacji. Przed II wojn\u0105 \u015bwiatow\u0105 by\u0142a to posiad\u0142o\u015b\u0107 \u017cydowskiego przedsi\u0119biorcy Knyszy\u0144skiego. Mia\u0142a tam powsta\u0107 fabryka w\u0142\u00f3kiennicza. Nie zd\u0105\u017cono jednak wyposa\u017cy\u0107 j\u0105 w maszyny. Po wojnie budynek przekazano Wieczorowej Szkole In\u017cynierskiej. Mie\u015bci\u0142a si\u0119 tam nie tylko biblioteka, ale te\u017c w\u0142adze uczelni, kt\u00f3re 4 pa\u017adziernika 1975 r. przenios\u0142y si\u0119 do kampusu przy ul. Wiejskiej. Stopniowo gmach opuszcza\u0142y te\u017c kolejne jednostki uczelni. Wydzia\u0142 Elektryczny zrobi\u0142 to w sierpniu 2002 r. Przez zim\u0119 budynek sta\u0142 pusty. Po wyburzeniu \u015bcian na parterze i niewielkim remoncie, w 2003 r. na ulic\u0119 Grunwaldzk\u0105 wprowadzi\u0142 si\u0119 Wydzia\u0142 Architektury.<\/p>\n<p>&nbsp;<\/p>\n<p><a href=\"https:\/\/biblioteka.pb.edu.pl\/app\/uploads\/sites\/2\/2021\/09\/Przestrzen-Grunwaldzka3-1920.jpg\"><img loading=\"lazy\" decoding=\"async\" class=\"aligncenter size-medium wp-image-456\" src=\"https:\/\/biblioteka.pb.edu.pl\/app\/uploads\/sites\/2\/2021\/09\/Przestrzen-Grunwaldzka3-1920-500x333.jpg\" alt=\"Dwa budynki stoj\u0105ce obok siebie w zimowej aurze. Budynek po prawej z widocznym stylizowanym or\u0142em. Wida\u0107 wej\u015bcie do budynku z kolumnami po bokach. Przed budynkami ustawione samochody osobowe. W okolicy zaparkowanych samochod\u00f3w rosn\u0105 drzewa.\" width=\"500\" height=\"333\" \/><\/a><\/p>\n<p>&nbsp;<\/p>\n<p>W budynku przy ul. Grunwaldzkiej 11\/15 znajdowa\u0142y si\u0119 magazyny biblioteczne, p\u00f3\u017aniej te\u017c czytelnia, a od 1981 r. do 2002 r. Biblioteka Instytutu Elektrotechniki PB. Obecnie mie\u015bci si\u0119 tam Biblioteka Wydzia\u0142u Architektury.<\/p>\n<p><a href=\"https:\/\/biblioteka.pb.edu.pl\/app\/uploads\/sites\/2\/2021\/09\/Przestrzen-Grunwaldzka4-1920.jpg\"><img loading=\"lazy\" decoding=\"async\" class=\"aligncenter size-medium wp-image-457\" src=\"https:\/\/biblioteka.pb.edu.pl\/app\/uploads\/sites\/2\/2021\/09\/Przestrzen-Grunwaldzka4-1920-500x361.jpg\" alt=\"Pok\u00f3j z \u0142awkami i ustawionymi wzd\u0142u\u017c \u015bcian rega\u0142ami z ksi\u0105\u017ckami. Przy \u0142awce siedzi kobieta w \u017c\u00f3\u0142tej bluzce i czyta ksi\u0105\u017ck\u0119. Na \u0142awce stos ksi\u0105\u017cek.\" width=\"500\" height=\"361\" \/><\/a><\/p>\n<p>&nbsp;<\/p>\n<p>Poczt\u00f3wka, kt\u00f3r\u0105 wydano drukiem w 1977 w nak\u0142adzie 20 000 egzemplarzy, przedstawia\u0142a czytelni\u0119 Biblioteki Politechniki Bia\u0142ostockiej. Mie\u015bci\u0142a si\u0119 ona wtedy przy ul. Grunwaldzkiej.Na zdj\u0119ciu: Hanna Janowicz, pracuj\u0105ca nad czujnikiem drga\u0144. Cena poczt\u00f3wki: 2,20 z\u0142. Autor zdj\u0119cia: Piotr Sawicki.<\/p>\n","protected":false},"excerpt":{"rendered":"<p>Biblioteka Wieczorowej Szko\u0142y In\u017cynierskiej (od 1964 r. Wy\u017cszej Szko\u0142y In\u017cynierskiej) ul. Grunwaldzka [&hellip;]<\/p>\n","protected":false},"author":2,"featured_media":0,"parent":14,"menu_order":2,"comment_status":"closed","ping_status":"closed","template":"","meta":{"ngg_post_thumbnail":0,"footnotes":""},"class_list":["post-61","page","type-page","status-publish","hentry"],"_links":{"self":[{"href":"https:\/\/biblioteka.pb.edu.pl\/historia\/wp-json\/wp\/v2\/pages\/61","targetHints":{"allow":["GET"]}}],"collection":[{"href":"https:\/\/biblioteka.pb.edu.pl\/historia\/wp-json\/wp\/v2\/pages"}],"about":[{"href":"https:\/\/biblioteka.pb.edu.pl\/historia\/wp-json\/wp\/v2\/types\/page"}],"author":[{"embeddable":true,"href":"https:\/\/biblioteka.pb.edu.pl\/historia\/wp-json\/wp\/v2\/users\/2"}],"replies":[{"embeddable":true,"href":"https:\/\/biblioteka.pb.edu.pl\/historia\/wp-json\/wp\/v2\/comments?post=61"}],"version-history":[{"count":16,"href":"https:\/\/biblioteka.pb.edu.pl\/historia\/wp-json\/wp\/v2\/pages\/61\/revisions"}],"predecessor-version":[{"id":908,"href":"https:\/\/biblioteka.pb.edu.pl\/historia\/wp-json\/wp\/v2\/pages\/61\/revisions\/908"}],"up":[{"embeddable":true,"href":"https:\/\/biblioteka.pb.edu.pl\/historia\/wp-json\/wp\/v2\/pages\/14"}],"wp:attachment":[{"href":"https:\/\/biblioteka.pb.edu.pl\/historia\/wp-json\/wp\/v2\/media?parent=61"}],"curies":[{"name":"wp","href":"https:\/\/api.w.org\/{rel}","templated":true}]}}