{"id":64,"date":"2021-06-21T11:07:25","date_gmt":"2021-06-21T09:07:25","guid":{"rendered":"http:\/\/poprzednia.biblioteka.pb.edu.pl\/historia\/?page_id=64"},"modified":"2022-04-07T10:01:02","modified_gmt":"2022-04-07T08:01:02","slug":"ul-zambrowska-kleosin","status":"publish","type":"page","link":"https:\/\/biblioteka.pb.edu.pl\/historia\/przestrzen-biblioteki\/ul-zambrowska-kleosin\/","title":{"rendered":"ul. Zambrowska, Kleosin"},"content":{"rendered":"<h2>Biblioteka Instytutu Mechaniki w Kleosinie, ul. Zambrowska 1<\/h2>\n<p>&nbsp;<\/p>\n<p>Pocz\u0105tki pierwszej biblioteki specjalistycznej &#8211; Biblioteki Instytutu Mechaniki &#8211; si\u0119gaj\u0105 1971 r. Jej siedziba znajdowa\u0142a si\u0119 wtedy w Kleosinie przy ul. Zambrowskiej 1, gdzie WSI kszta\u0142ci\u0142a student\u00f3w na takich specjalno\u015bciach, jak: mechanika, maszyny i urz\u0105dzenia rolnicze, maszyny i urz\u0105dzenia przemys\u0142u spo\u017cywczego. Biblioteka zajmowa\u0142a lokal o pow. 250 m kw. W 1995 r. zosta\u0142a zlikwidowana, a jej ksi\u0119gozbi\u00f3r przeniesiony na kampus przy ul. Wiejskiej i w\u0142\u0105czony do zbior\u00f3w Biblioteki G\u0142\u00f3wnej (budynek Wydzia\u0142u Mechanicznego).<\/p>\n<p>&nbsp;<\/p>\n<p><a href=\"https:\/\/biblioteka.pb.edu.pl\/app\/uploads\/sites\/2\/2021\/09\/Przestrzen-Zambrowska-Kleosin-1818.jpg\"><img loading=\"lazy\" decoding=\"async\" class=\"aligncenter size-medium wp-image-613\" src=\"https:\/\/biblioteka.pb.edu.pl\/app\/uploads\/sites\/2\/2021\/09\/Przestrzen-Zambrowska-Kleosin-1818-500x500.jpg\" alt=\"Pok\u00f3j z \u0142awkami ustawionymi w rz\u0119dy. Wzd\u0142u\u017c \u015bcian ustawione rega\u0142y z ksi\u0105\u017ckami. Przy \u0142awkach siedzi trzech ucz\u0105cych si\u0119 m\u0119\u017cczyzn. \" width=\"500\" height=\"500\" srcset=\"https:\/\/biblioteka.pb.edu.pl\/app\/uploads\/sites\/2\/2021\/09\/Przestrzen-Zambrowska-Kleosin-1818-500x500.jpg 500w, https:\/\/biblioteka.pb.edu.pl\/app\/uploads\/sites\/2\/2021\/09\/Przestrzen-Zambrowska-Kleosin-1818-1024x1024.jpg 1024w, https:\/\/biblioteka.pb.edu.pl\/app\/uploads\/sites\/2\/2021\/09\/Przestrzen-Zambrowska-Kleosin-1818-150x150.jpg 150w, https:\/\/biblioteka.pb.edu.pl\/app\/uploads\/sites\/2\/2021\/09\/Przestrzen-Zambrowska-Kleosin-1818-768x768.jpg 768w, https:\/\/biblioteka.pb.edu.pl\/app\/uploads\/sites\/2\/2021\/09\/Przestrzen-Zambrowska-Kleosin-1818-1536x1536.jpg 1536w, https:\/\/biblioteka.pb.edu.pl\/app\/uploads\/sites\/2\/2021\/09\/Przestrzen-Zambrowska-Kleosin-1818.jpg 1818w\" sizes=\"auto, (max-width: 500px) 100vw, 500px\" \/><\/a><\/p>\n","protected":false},"excerpt":{"rendered":"<p>Biblioteka Instytutu Mechaniki w Kleosinie, ul. Zambrowska 1 &nbsp; Pocz\u0105tki pierwszej biblioteki [&hellip;]<\/p>\n","protected":false},"author":2,"featured_media":0,"parent":14,"menu_order":3,"comment_status":"closed","ping_status":"closed","template":"","meta":{"ngg_post_thumbnail":0,"footnotes":""},"class_list":["post-64","page","type-page","status-publish","hentry"],"_links":{"self":[{"href":"https:\/\/biblioteka.pb.edu.pl\/historia\/wp-json\/wp\/v2\/pages\/64","targetHints":{"allow":["GET"]}}],"collection":[{"href":"https:\/\/biblioteka.pb.edu.pl\/historia\/wp-json\/wp\/v2\/pages"}],"about":[{"href":"https:\/\/biblioteka.pb.edu.pl\/historia\/wp-json\/wp\/v2\/types\/page"}],"author":[{"embeddable":true,"href":"https:\/\/biblioteka.pb.edu.pl\/historia\/wp-json\/wp\/v2\/users\/2"}],"replies":[{"embeddable":true,"href":"https:\/\/biblioteka.pb.edu.pl\/historia\/wp-json\/wp\/v2\/comments?post=64"}],"version-history":[{"count":14,"href":"https:\/\/biblioteka.pb.edu.pl\/historia\/wp-json\/wp\/v2\/pages\/64\/revisions"}],"predecessor-version":[{"id":910,"href":"https:\/\/biblioteka.pb.edu.pl\/historia\/wp-json\/wp\/v2\/pages\/64\/revisions\/910"}],"up":[{"embeddable":true,"href":"https:\/\/biblioteka.pb.edu.pl\/historia\/wp-json\/wp\/v2\/pages\/14"}],"wp:attachment":[{"href":"https:\/\/biblioteka.pb.edu.pl\/historia\/wp-json\/wp\/v2\/media?parent=64"}],"curies":[{"name":"wp","href":"https:\/\/api.w.org\/{rel}","templated":true}]}}