{"id":67,"date":"2021-06-21T11:08:41","date_gmt":"2021-06-21T09:08:41","guid":{"rendered":"http:\/\/poprzednia.biblioteka.pb.edu.pl\/historia\/?page_id=67"},"modified":"2022-04-07T10:02:00","modified_gmt":"2022-04-07T08:02:00","slug":"ul-krakowska-bialystok","status":"publish","type":"page","link":"https:\/\/biblioteka.pb.edu.pl\/historia\/przestrzen-biblioteki\/ul-krakowska-bialystok\/","title":{"rendered":"ul. Krakowska, Bia\u0142ystok"},"content":{"rendered":"<h2>Biblioteka Instytutu Architektury, ul. Krakowska 9<\/h2>\n<p>&nbsp;<\/p>\n<p>W budynku przy ul. Krakowskiej 9 &#8211; od 1982 r. &#8211; swoj\u0105 siedzib\u0119 mia\u0142a Biblioteka Instytutu Architektury (w 1989 r. przekszta\u0142cona w Bibliotek\u0119 Wydzia\u0142u Architektury). Zajmowa\u0142a pocz\u0105tkowo pomieszczenia zlokalizowane na 3. pi\u0119trze o pow. 157 m kw., a od 1998 r. na parterze o pow. 155 m kw. W tym miejscu funkcjonowa\u0142a do 2003 r. Wtedy to BWA zosta\u0142a przeniesiona do budynku przy ul. Grunwaldzkiej 11\/15 (obecnie ul. Oskara Sosnowskiego 11).<\/p>\n<p><a href=\"https:\/\/biblioteka.pb.edu.pl\/app\/uploads\/sites\/2\/2021\/09\/Przestrzen-Krakowska-1780.jpg\"><img loading=\"lazy\" decoding=\"async\" class=\"aligncenter size-medium wp-image-619\" src=\"https:\/\/biblioteka.pb.edu.pl\/app\/uploads\/sites\/2\/2021\/09\/Przestrzen-Krakowska-1780-500x426.jpg\" alt=\"Pok\u00f3j z drewnianymi stolikami, czerwonymi krzes\u0142ami, biurkiem i rega\u0142ami z ksi\u0105\u017ckami. Przy biurku siedzi kobieta. Przy stolikach siedz\u0105 trzy m\u0142ode kobiety. \" width=\"500\" height=\"426\" srcset=\"https:\/\/biblioteka.pb.edu.pl\/app\/uploads\/sites\/2\/2021\/09\/Przestrzen-Krakowska-1780-500x426.jpg 500w, https:\/\/biblioteka.pb.edu.pl\/app\/uploads\/sites\/2\/2021\/09\/Przestrzen-Krakowska-1780-768x654.jpg 768w, https:\/\/biblioteka.pb.edu.pl\/app\/uploads\/sites\/2\/2021\/09\/Przestrzen-Krakowska-1780-1024x872.jpg 1024w, https:\/\/biblioteka.pb.edu.pl\/app\/uploads\/sites\/2\/2021\/09\/Przestrzen-Krakowska-1780-1536x1307.jpg 1536w, https:\/\/biblioteka.pb.edu.pl\/app\/uploads\/sites\/2\/2021\/09\/Przestrzen-Krakowska-1780.jpg 1780w\" sizes=\"auto, (max-width: 500px) 100vw, 500px\" \/><\/a><\/p>\n<p>&nbsp;<\/p>\n<p>Do wrze\u015bnia 1982 r. budynek przy ul. Krakowskiej 9 s\u0142u\u017cy\u0142 jako akademik Politechniki Bia\u0142ostockiej. W tym roku mieszkaj\u0105cy tam asystenci wyprowadzili si\u0119 do Hotelu Asystenta przy ul. Wiejskiej.<\/p>\n","protected":false},"excerpt":{"rendered":"<p>Biblioteka Instytutu Architektury, ul. Krakowska 9 &nbsp; W budynku przy ul. Krakowskiej [&hellip;]<\/p>\n","protected":false},"author":2,"featured_media":0,"parent":14,"menu_order":4,"comment_status":"closed","ping_status":"closed","template":"","meta":{"ngg_post_thumbnail":0,"footnotes":""},"class_list":["post-67","page","type-page","status-publish","hentry"],"_links":{"self":[{"href":"https:\/\/biblioteka.pb.edu.pl\/historia\/wp-json\/wp\/v2\/pages\/67","targetHints":{"allow":["GET"]}}],"collection":[{"href":"https:\/\/biblioteka.pb.edu.pl\/historia\/wp-json\/wp\/v2\/pages"}],"about":[{"href":"https:\/\/biblioteka.pb.edu.pl\/historia\/wp-json\/wp\/v2\/types\/page"}],"author":[{"embeddable":true,"href":"https:\/\/biblioteka.pb.edu.pl\/historia\/wp-json\/wp\/v2\/users\/2"}],"replies":[{"embeddable":true,"href":"https:\/\/biblioteka.pb.edu.pl\/historia\/wp-json\/wp\/v2\/comments?post=67"}],"version-history":[{"count":18,"href":"https:\/\/biblioteka.pb.edu.pl\/historia\/wp-json\/wp\/v2\/pages\/67\/revisions"}],"predecessor-version":[{"id":911,"href":"https:\/\/biblioteka.pb.edu.pl\/historia\/wp-json\/wp\/v2\/pages\/67\/revisions\/911"}],"up":[{"embeddable":true,"href":"https:\/\/biblioteka.pb.edu.pl\/historia\/wp-json\/wp\/v2\/pages\/14"}],"wp:attachment":[{"href":"https:\/\/biblioteka.pb.edu.pl\/historia\/wp-json\/wp\/v2\/media?parent=67"}],"curies":[{"name":"wp","href":"https:\/\/api.w.org\/{rel}","templated":true}]}}