{"id":7,"date":"2021-06-14T23:17:21","date_gmt":"2021-06-14T21:17:21","guid":{"rendered":"http:\/\/poprzednia.biblioteka.pb.edu.pl\/historia\/?page_id=7"},"modified":"2026-01-14T08:29:37","modified_gmt":"2026-01-14T07:29:37","slug":"strona-glowna","status":"publish","type":"page","link":"https:\/\/biblioteka.pb.edu.pl\/historia\/","title":{"rendered":"Strona g\u0142\u00f3wna"},"content":{"rendered":"<p><a name=\"tu-skacz\"><\/a><\/p>\n<div class=\"ui-resizable-handle ui-resizable-se ui-icon ui-icon-gripsmall-diagonal-se\">Histo\u00adria Biblio\u00adteki Poli\u00adtech\u00adniki Bia\u00ad\u0142o\u00adstoc\u00adkiej, to opo\u00adwie\u015b\u0107 o kolej\u00adnych poko\u00adle\u00adniach ludzi, kt\u00f3\u00adrzy mieli wiel\u00adkie marze\u00adnia.<\/div>\n<div id=\"zecerka-output-plain\">\n<p>Aby ich pozna\u0107 zapra\u00adszamy Was w&nbsp;podr\u00f3\u017c w&nbsp;cza\u00adsie do powo\u00adjen\u00adnego Bia\u00ad\u0142e\u00adgo\u00adstoku, mia\u00adsta pe\u0142\u00adnego tajem\u00adni\u00adczych zau\u0142\u00adk\u00f3w, nie\u00adist\u00adnie\u00adj\u0105\u00adcych ju\u017c Cha\u00adna\u00adjek i&nbsp;malow\u00adni\u00adczego wzg\u00f3\u00adrza \u015bw. Marii Mag\u00adda\u00adleny. Poczuj\u00adcie si\u0119 jak odkrywcy z&nbsp;minio\u00adnych wie\u00adk\u00f3w, pozna\u00adj\u0105c drog\u0119 pio\u00adnie\u00adr\u00f3w aka\u00adde\u00admic\u00adkiego biblio\u00adte\u00adkar\u00adstwa naszego mia\u00adsta.<\/p>\n<p>Wszystko zacznie si\u0119 na ulicy Bia\u00ad\u0142ej w&nbsp;powsta\u00adj\u0105\u00adcym z&nbsp;ruin mie\u00ad\u015bcie, kt\u00f3re z&nbsp;otwar\u00adtymi r\u0119koma przyj\u00admuje nap\u0142y\u00adwa\u00adj\u0105c\u0105 z&nbsp;oko\u00adlicz\u00adnych miej\u00adsco\u00adwo\u00ad\u015bci klas\u0119 robot\u00adni\u00adcz\u0105, g\u0142odn\u0105 wie\u00addzy i&nbsp;pracy. Nast\u0119p\u00adnie dotrze\u00adcie na powsta\u0142e na prze\u00ad\u0142o\u00admie XVIII&nbsp;i&nbsp;XIX&nbsp;wieku ulice \u017b\u00f3\u0142t\u0105 i&nbsp;Grun\u00adwaldzk\u0105. Tu wzra\u00adsta\u00adli\u00ad\u015bmy latami, wypa\u00adtru\u00adj\u0105c w&nbsp;odm\u0119\u00adtach ponu\u00adrej socja\u00adli\u00adstycz\u00adnej rze\u00adczy\u00adwi\u00adsto\u00ad\u015bci kolej\u00adnych loka\u00adlo\u00adwych zmian, kt\u00f3re pozwa\u00adla\u0142y nam pi\u0105\u0107 si\u0119 w&nbsp;g\u00f3r\u0119.<\/p>\n<p>P\u00f3\u017a\u00adniej cze\u00adkaj\u0105 Was nie\u00adza\u00adpo\u00admniane wra\u00ad\u017ce\u00adnia zwi\u0105\u00adzane z&nbsp;powsta\u00adniem mia\u00adsteczka aka\u00adde\u00admic\u00adkiego. W&nbsp;nim zapi\u00adsy\u00adwa\u00adli\u00ad\u015bmy kolejne karty histo\u00adrii, kt\u00f3re osta\u00adtecz\u00adnie dopro\u00adwa\u00addzi\u0142y nas do obec\u00adnej sie\u00addziby. Miej\u00adsca ide\u00adal\u00adnego, serca kam\u00adpusu, dosko\u00adna\u00ad\u0142ej ksi\u0105\u017c\u00adnicy, cen\u00adtrum naszego \u015bwiata.<\/p>\n<p>Mamy nadziej\u0119, \u017ce podr\u00f3\u017c wywo\u0142a w Was zachwyt, foto\u00adgra\u00adfie pozo\u00adstan\u0105 we wspo\u00admnie\u00adniach, a Wam przy\u00adpad\u00adnie miano zdo\u00adbywcy tego magicz\u00adnego kr\u00f3\u00adle\u00adstwa ksi\u0105\u00ad\u017cek!<\/p>\n<\/div>\n<div id=\"box-menu\" class=\"box-menu\">\n      <a href=\"https:\/\/biblioteka.pb.edu.pl\/historia\/kalendarium\/\" target=\"\" title=\"\" class=\"box-menu-item\">\n      <span class=\"icon\"><i class=\"fal fa-calendar-alt\"><\/i><\/span>\n      <span class=\"title\">Kalendarium<\/span>\n    <\/a>\n      <a href=\"https:\/\/biblioteka.pb.edu.pl\/historia\/poczet-dyrektorow\/\" target=\"\" title=\"\" class=\"box-menu-item\">\n      <span class=\"icon\"><i class=\"fal fa-users-crown\"><\/i><\/span>\n      <span class=\"title\">Poczet dyrektor\u00f3w<\/span>\n    <\/a>\n      <a href=\"https:\/\/biblioteka.pb.edu.pl\/historia\/nasze-akcje\/\" target=\"\" title=\"\" class=\"box-menu-item\">\n      <span class=\"icon\"><i class=\"fal fa-radio-alt\"><\/i><\/span>\n      <span class=\"title\">Nasze akcje<\/span>\n    <\/a>\n      <a href=\"https:\/\/biblioteka.pb.edu.pl\/historia\/przestrzen-biblioteki\/ul-biala-bialystok\/\" target=\"\" title=\"\" class=\"box-menu-item\">\n      <span class=\"icon\"><i class=\"fal fa-hotel\"><\/i><\/span>\n      <span class=\"title\">Przestrze\u0144 biblioteki<\/span>\n    <\/a>\n  <\/div>\n<p>Ka\u017cdego dnia zapisujemy kolejn\u0105 kart\u0119 historii tego nowoczesnego centrum wiedzy.<\/p>\n<p>Biblioteka Politechniki Bia\u0142ostockiej to instytucja, kt\u00f3rej dzia\u0142aniom przy\u015bwiecaj\u0105 s\u0142owa wypowiedziane przez Newtona:<\/p>\n<p><em>\u201eje\u015bli widz\u0119 dalej, to tylko dlatego, \u017ce stoj\u0119 na ramionach olbrzym\u00f3w\u201d<\/em>,<\/p>\n<p>co znaczy tyle, \u017ce przed ka\u017cdym naszym kolejnym krokiem, inni stawiali swoje, toruj\u0105c nam drog\u0119 do obecnego kszta\u0142tu tej instytucji.<\/p>\n<p>&nbsp;<\/p>\n","protected":false},"excerpt":{"rendered":"<p>Histo\u00adria Biblio\u00adteki Poli\u00adtech\u00adniki Bia\u00ad\u0142o\u00adstoc\u00adkiej, to opo\u00adwie\u015b\u0107 o kolej\u00adnych poko\u00adle\u00adniach ludzi, kt\u00f3\u00adrzy mieli [&hellip;]<\/p>\n","protected":false},"author":2,"featured_media":0,"parent":0,"menu_order":1,"comment_status":"closed","ping_status":"closed","template":"","meta":{"ngg_post_thumbnail":0,"footnotes":""},"class_list":["post-7","page","type-page","status-publish","hentry"],"_links":{"self":[{"href":"https:\/\/biblioteka.pb.edu.pl\/historia\/wp-json\/wp\/v2\/pages\/7","targetHints":{"allow":["GET"]}}],"collection":[{"href":"https:\/\/biblioteka.pb.edu.pl\/historia\/wp-json\/wp\/v2\/pages"}],"about":[{"href":"https:\/\/biblioteka.pb.edu.pl\/historia\/wp-json\/wp\/v2\/types\/page"}],"author":[{"embeddable":true,"href":"https:\/\/biblioteka.pb.edu.pl\/historia\/wp-json\/wp\/v2\/users\/2"}],"replies":[{"embeddable":true,"href":"https:\/\/biblioteka.pb.edu.pl\/historia\/wp-json\/wp\/v2\/comments?post=7"}],"version-history":[{"count":39,"href":"https:\/\/biblioteka.pb.edu.pl\/historia\/wp-json\/wp\/v2\/pages\/7\/revisions"}],"predecessor-version":[{"id":1067,"href":"https:\/\/biblioteka.pb.edu.pl\/historia\/wp-json\/wp\/v2\/pages\/7\/revisions\/1067"}],"wp:attachment":[{"href":"https:\/\/biblioteka.pb.edu.pl\/historia\/wp-json\/wp\/v2\/media?parent=7"}],"curies":[{"name":"wp","href":"https:\/\/api.w.org\/{rel}","templated":true}]}}