{"id":73,"date":"2021-06-21T11:15:08","date_gmt":"2021-06-21T09:15:08","guid":{"rendered":"http:\/\/poprzednia.biblioteka.pb.edu.pl\/historia\/?page_id=73"},"modified":"2022-04-07T10:43:20","modified_gmt":"2022-04-07T08:43:20","slug":"biblioteki-wydzialowe-specjalistyczne","status":"publish","type":"page","link":"https:\/\/biblioteka.pb.edu.pl\/historia\/przestrzen-biblioteki\/biblioteki-wydzialowe-specjalistyczne\/","title":{"rendered":"Biblioteki Wydzia\u0142owe\/Specjalistyczne"},"content":{"rendered":"<h2>Biblioteka Wydzia\u0142u Informatyki (1976 \u2013 2012)<\/h2>\n<p>&nbsp;<\/p>\n<p>Zorganizowana w 1976 r. jako Biblioteka Instytutu Matematyki, Fizyki i Chemii, w 1989 r. zmieni\u0142a nazw\u0119 na Bibliotek\u0119 Instytutu Matematyki, Fizyki i Instytutu Informatyki. W 2001 r. Instytut Informatyki przekszta\u0142ci\u0142 si\u0119 w Wydzia\u0142 Informatyki. Od pocz\u0105tku istnienia do 1999 r. biblioteka znajdowa\u0142a si\u0119 na trzecim pi\u0119trze w budynku przy ul. Wiejskiej 45A (133 m kw.), p\u00f3\u017aniej zajmowa\u0142a dwa pomieszczenia na parterze (128 m kw.).<\/p>\n<p>&nbsp;<\/p>\n<p><a href=\"https:\/\/biblioteka.pb.edu.pl\/app\/uploads\/sites\/2\/2021\/09\/Przestrzen-BWI-1920.jpg\"><img loading=\"lazy\" decoding=\"async\" class=\"aligncenter size-medium wp-image-660\" src=\"https:\/\/biblioteka.pb.edu.pl\/app\/uploads\/sites\/2\/2021\/09\/Przestrzen-BWI-1920-500x375.jpg\" alt=\"Pok\u00f3j z podw\u00f3jnym biurkiem i rega\u0142ami ustawionymi wzd\u0142u\u017c \u015bciany. Za biurkiem dwie rozmawiaj\u0105ce kobiety. Na biurku ustawiony komputer. Po lewej stronie du\u017ce okno.\" width=\"500\" height=\"375\" srcset=\"https:\/\/biblioteka.pb.edu.pl\/app\/uploads\/sites\/2\/2021\/09\/Przestrzen-BWI-1920-500x375.jpg 500w, https:\/\/biblioteka.pb.edu.pl\/app\/uploads\/sites\/2\/2021\/09\/Przestrzen-BWI-1920-1024x768.jpg 1024w, https:\/\/biblioteka.pb.edu.pl\/app\/uploads\/sites\/2\/2021\/09\/Przestrzen-BWI-1920-768x576.jpg 768w, https:\/\/biblioteka.pb.edu.pl\/app\/uploads\/sites\/2\/2021\/09\/Przestrzen-BWI-1920-1536x1152.jpg 1536w, https:\/\/biblioteka.pb.edu.pl\/app\/uploads\/sites\/2\/2021\/09\/Przestrzen-BWI-1920.jpg 1920w\" sizes=\"auto, (max-width: 500px) 100vw, 500px\" \/><\/a><\/p>\n<p>&nbsp;<\/p>\n<h2>Biblioteka Wydzia\u0142u Elektrycznego (1981 \u2013 2012)<\/h2>\n<p>Powsta\u0142a jako Biblioteka Instytutu Elektrotechniki w 1981 r. pod naciskiem pracownik\u00f3w naukowych. Pierwszy czytelnik przekroczy\u0142 pr\u00f3g biblioteki 15 kwietnia. Mie\u015bci\u0142a si\u0119 na trzecim pi\u0119trze (pocz\u0105tkowo na pow. 53 m kw., od 1986 r. zajmowa\u0142a 98 m kw.) w budynku przy ul. Grunwaldzkiej 11\/15. W 1988 r. zmieni\u0142a nazw\u0119 na Bibliotek\u0119 Wydzia\u0142u Elektrycznego, a w roku 2002 przenios\u0142a si\u0119 do nowo wybudowanego budynku na kampusie (pow. 215 m kw.)<\/p>\n<p>&nbsp;<\/p>\n<p><a href=\"https:\/\/biblioteka.pb.edu.pl\/app\/uploads\/sites\/2\/2021\/09\/Przestrzen-BWE-1770.jpg\"><img loading=\"lazy\" decoding=\"async\" class=\"aligncenter size-medium wp-image-659\" src=\"https:\/\/biblioteka.pb.edu.pl\/app\/uploads\/sites\/2\/2021\/09\/Przestrzen-BWE-1770-500x324.jpg\" alt=\"Pok\u00f3j z drewnian\u0105 owaln\u0105 lad\u0105. Za lad\u0105 dwie kobiety. W pokoju wzd\u0142u\u017c \u015bcian ustawione rega\u0142y. W drugiej cz\u0119\u015bci pokoju przy stolikach wida\u0107 siedz\u0105cych m\u0142odych m\u0119\u017cczyzn.\" width=\"500\" height=\"324\" srcset=\"https:\/\/biblioteka.pb.edu.pl\/app\/uploads\/sites\/2\/2021\/09\/Przestrzen-BWE-1770-500x324.jpg 500w, https:\/\/biblioteka.pb.edu.pl\/app\/uploads\/sites\/2\/2021\/09\/Przestrzen-BWE-1770-1024x663.jpg 1024w, https:\/\/biblioteka.pb.edu.pl\/app\/uploads\/sites\/2\/2021\/09\/Przestrzen-BWE-1770-768x497.jpg 768w, https:\/\/biblioteka.pb.edu.pl\/app\/uploads\/sites\/2\/2021\/09\/Przestrzen-BWE-1770-1536x994.jpg 1536w, https:\/\/biblioteka.pb.edu.pl\/app\/uploads\/sites\/2\/2021\/09\/Przestrzen-BWE-1770.jpg 1780w\" sizes=\"auto, (max-width: 500px) 100vw, 500px\" \/><\/a><\/p>\n<p>&nbsp;<\/p>\n<h2>Biblioteka Wydzia\u0142u Architektury (od 1982)<\/h2>\n<p>&nbsp;<\/p>\n<p>Historia jej powstania si\u0119ga roku 1982, gdy Zak\u0142ad Informacji Naukowej i Pomocy Dydaktycznej zosta\u0142 przekszta\u0142cony w Bibliotek\u0119 Instytutu Architektury, a w 1989 r. w Bibliotek\u0119 Wydzia\u0142u Architektury. Swoj\u0105 siedzib\u0119 mia\u0142a pocz\u0105tkowo przy ul. Krakowskiej 9 i zajmowa\u0142a lokal o powierzchni 157 m kw. najpierw na trzecim pi\u0119trze, a od 1998 r. na parterze o pow. 155 m kw. W 2003 roku ksi\u0119gozbi\u00f3r zosta\u0142 przeniesiony do budynku przy ul. Grunwaldzkiej 11\/15 (obecnie ul. Oskara Sosnowskiego 11). Zajmuje powierzchni\u0119 160 m kw.<\/p>\n<p>&nbsp;<\/p>\n<p><a href=\"https:\/\/biblioteka.pb.edu.pl\/app\/uploads\/sites\/2\/2021\/09\/Przestrzen-BWA-700.jpg\"><img loading=\"lazy\" decoding=\"async\" class=\"aligncenter size-medium wp-image-657\" src=\"https:\/\/biblioteka.pb.edu.pl\/app\/uploads\/sites\/2\/2021\/09\/Przestrzen-BWA-700-500x281.jpg\" alt=\"Du\u017ca czytelnia z rz\u0119dami \u0142awek i siedz\u0105cymi przy nich m\u0142odymi lud\u017ami.  W\u015br\u00f3d jednej \u015bciany ustawione \u0142awki z komputerami i siedz\u0105c\u0105 przy nich kobiet\u0105. Przy dw\u00f3ch \u015bcianach rega\u0142y z ksi\u0105\u017ckami.\" width=\"500\" height=\"281\" srcset=\"https:\/\/biblioteka.pb.edu.pl\/app\/uploads\/sites\/2\/2021\/09\/Przestrzen-BWA-700-500x281.jpg 500w, https:\/\/biblioteka.pb.edu.pl\/app\/uploads\/sites\/2\/2021\/09\/Przestrzen-BWA-700-640x360.jpg 640w, https:\/\/biblioteka.pb.edu.pl\/app\/uploads\/sites\/2\/2021\/09\/Przestrzen-BWA-700.jpg 700w\" sizes=\"auto, (max-width: 500px) 100vw, 500px\" \/><\/a><\/p>\n<p>&nbsp;<\/p>\n<h2>Biblioteka Wydzia\u0142u Budownictwa i In\u017cynierii \u015arodowiska (1989 \u2013 2012)<\/h2>\n<p>&nbsp;<\/p>\n<p>Swoj\u0105 dzia\u0142alno\u015b\u0107 rozpocz\u0119\u0142a w 1989 r. jako Biblioteka Wydzia\u0142u Budownictwa i In\u017cynierii \u015arodowiska. W tym roku otrzyma\u0142a te\u017c ksi\u0119gozbi\u00f3r z chemii, przekazany przez Bibliotek\u0119 Instytutu Matematyki, Fizyki i Chemii. Zajmowa\u0142a trzy pomieszczenia (174 m kw.) w budynku przy ul. Wiejskiej, a od roku 2000 mia\u0142a ju\u017c pi\u0119\u0107 pomieszcze\u0144 (228 m kw.)<\/p>\n<p>Biblioteka Wydzia\u0142u Informatyki, Biblioteka Wydzia\u0142u Elektrycznego, Biblioteka Wydzia\u0142u Budownictwa i In\u017cynierii \u015arodowiska \u2013 zosta\u0142y zniesione 29 listopada 2012 roku (Zarz\u0105dzenie Nr 120), a ich ksi\u0119gozbiory w\u0142\u0105czone do biblioteki w nowo wybudowanym budynku Centrum Nowoczesnego Kszta\u0142cenia.<\/p>\n<p>&nbsp;<\/p>\n<p><em><a href=\"https:\/\/biblioteka.pb.edu.pl\/app\/uploads\/sites\/2\/2021\/09\/Przestrzen-BWBIS-1000.jpg\"><img loading=\"lazy\" decoding=\"async\" class=\"aligncenter size-medium wp-image-658\" src=\"https:\/\/biblioteka.pb.edu.pl\/app\/uploads\/sites\/2\/2021\/09\/Przestrzen-BWBIS-1000-500x286.jpg\" width=\"500\" height=\"286\" alt=\"Przy biurku siedzi m\u0142oda kobieta z w\u0142osami do ramion. W tle rega\u0142y z ksi\u0105\u017ckami i wej\u015bcie do kolejnego pokoju. Nad drzwiami napis: Prosimy o cisz\u0119.\" srcset=\"https:\/\/biblioteka.pb.edu.pl\/app\/uploads\/sites\/2\/2021\/09\/Przestrzen-BWBIS-1000-500x286.jpg 500w, https:\/\/biblioteka.pb.edu.pl\/app\/uploads\/sites\/2\/2021\/09\/Przestrzen-BWBIS-1000-768x439.jpg 768w, https:\/\/biblioteka.pb.edu.pl\/app\/uploads\/sites\/2\/2021\/09\/Przestrzen-BWBIS-1000.jpg 1000w\" sizes=\"auto, (max-width: 500px) 100vw, 500px\" \/><\/a><\/em><\/p>\n<p>&nbsp;<\/p>\n<p>&nbsp;<\/p>\n<h2>Biblioteka Wydzia\u0142u Zarz\u0105dzania (od 1998)<\/h2>\n<p>&nbsp;<\/p>\n<p>Biblioteka istnieje od 01.04.1998 roku, pocz\u0105tkowo jako Biblioteka Instytutu Zarz\u0105dzania i Marketingu PB. Powsta\u0142a na bazie istniej\u0105cego w Instytucie Laboratorium Dydaktycznego, z kt\u00f3rego przej\u0119to ksi\u0119gozbi\u00f3r licz\u0105cy ok. 2500 wol. Pocz\u0105tkowo mie\u015bci\u0142a si\u0119 w budynku Wydzia\u0142u Mechanicznego, a od pa\u017adziernika 1998 r., w zwi\u0105zku z przeprowadzk\u0105 do Kleosina, uzyska\u0142a w\u0142asne pomieszczenia o pow. 114 m kw. Kolejna przeprowadzka do obecnego lokalu nast\u0105pi\u0142a w 2004 r. Biblioteka zajmuje pow. 248 m kw. i zlokalizowana jest na parterze jednego z budynk\u00f3w Wydzia\u0142u Zarz\u0105dzania, z \u0142atwym dost\u0119pem dla os\u00f3b niepe\u0142nosprawnych.<\/p>\n<p>&nbsp;<\/p>\n<p><em><a href=\"https:\/\/biblioteka.pb.edu.pl\/app\/uploads\/sites\/2\/2021\/09\/Przestrzen-BWZ-1920.jpg\"><img loading=\"lazy\" decoding=\"async\" class=\"aligncenter size-medium wp-image-661\" src=\"https:\/\/biblioteka.pb.edu.pl\/app\/uploads\/sites\/2\/2021\/09\/Przestrzen-BWZ-1920-500x281.jpg\" alt=\"Du\u017ca czytelnia z rz\u0119dami \u0142awek. Wzd\u0142u\u017c \u015bcian ustawione rega\u0142y z ksi\u0105\u017ckami. W ko\u0144cowych rz\u0119dach siedz\u0105 pojedynczo m\u0142ode osoby. Po prawej stronie wida\u0107 fragment drugiego pomieszczenia o podobnej funkcji i wyposa\u017ceniu.\" width=\"500\" height=\"281\" srcset=\"https:\/\/biblioteka.pb.edu.pl\/app\/uploads\/sites\/2\/2021\/09\/Przestrzen-BWZ-1920-500x281.jpg 500w, https:\/\/biblioteka.pb.edu.pl\/app\/uploads\/sites\/2\/2021\/09\/Przestrzen-BWZ-1920-1024x576.jpg 1024w, https:\/\/biblioteka.pb.edu.pl\/app\/uploads\/sites\/2\/2021\/09\/Przestrzen-BWZ-1920-768x432.jpg 768w, https:\/\/biblioteka.pb.edu.pl\/app\/uploads\/sites\/2\/2021\/09\/Przestrzen-BWZ-1920-1536x864.jpg 1536w, https:\/\/biblioteka.pb.edu.pl\/app\/uploads\/sites\/2\/2021\/09\/Przestrzen-BWZ-1920-640x360.jpg 640w, https:\/\/biblioteka.pb.edu.pl\/app\/uploads\/sites\/2\/2021\/09\/Przestrzen-BWZ-1920.jpg 1920w\" sizes=\"auto, (max-width: 500px) 100vw, 500px\" \/><\/a><\/em><\/p>\n<p>&nbsp;<\/p>\n<p>&nbsp;<\/p>\n<h2>Biblioteka Zamiejscowego Wydzia\u0142u Le\u015bnego w Hajn\u00f3wce (2001 \u2013 2021)<\/h2>\n<p>&nbsp;<\/p>\n<p>Pocz\u0105tek jej istnienia to 2001 rok. W tamtym czasie przy zamiejscowym wydziale Politechniki Bia\u0142ostockiej w Hajn\u00f3wce rozpocz\u0119\u0142a dzia\u0142alno\u015b\u0107 Biblioteka Zamiejscowego Wydzia\u0142u Zarz\u0105dzania \u015arodowiskiem, w 2011 roku przekszta\u0142cona w Bibliotek\u0119 Zamiejscowego Wydzia\u0142u Le\u015bnego. Gromadzi zbiory z zakresu le\u015bnictwa, ochrony \u015brodowiska, ekologii oraz dziedzin pokrewnych. Swoj\u0105 siedzib\u0119 ma w budynku przy ul. Pi\u0142sudskiego 8 i zajmuje powierzchni\u0119 77 m kw.<\/p>\n<p>&nbsp;<\/p>\n<p><a href=\"https:\/\/biblioteka.pb.edu.pl\/app\/uploads\/sites\/2\/2021\/09\/Przestrzen-BZWLH-450.jpg\"><img loading=\"lazy\" decoding=\"async\" class=\"aligncenter size-full wp-image-662\" src=\"https:\/\/biblioteka.pb.edu.pl\/app\/uploads\/sites\/2\/2021\/09\/Przestrzen-BZWLH-450.jpg\" alt=\"Czytelnia z rz\u0119dami \u0142awek. Po prawej stronie ustawione rega\u0142y z ksi\u0105\u017ckami. Przy \u0142awkach siedz\u0105 ty\u0142em kobieta i m\u0119\u017cczyzna. Kobieta na \u0142awce ma porozk\u0142adane ksi\u0105\u017cki i zeszyty. W tle monitory komputerowe. Na \u015bcianie kwiaty doniczkowe.\" width=\"450\" height=\"250\" \/><\/a><\/p>\n","protected":false},"excerpt":{"rendered":"<p>Biblioteka Wydzia\u0142u Informatyki (1976 \u2013 2012) &nbsp; Zorganizowana w 1976 r. jako [&hellip;]<\/p>\n","protected":false},"author":2,"featured_media":0,"parent":14,"menu_order":7,"comment_status":"closed","ping_status":"closed","template":"","meta":{"ngg_post_thumbnail":0,"footnotes":""},"class_list":["post-73","page","type-page","status-publish","hentry"],"_links":{"self":[{"href":"https:\/\/biblioteka.pb.edu.pl\/historia\/wp-json\/wp\/v2\/pages\/73","targetHints":{"allow":["GET"]}}],"collection":[{"href":"https:\/\/biblioteka.pb.edu.pl\/historia\/wp-json\/wp\/v2\/pages"}],"about":[{"href":"https:\/\/biblioteka.pb.edu.pl\/historia\/wp-json\/wp\/v2\/types\/page"}],"author":[{"embeddable":true,"href":"https:\/\/biblioteka.pb.edu.pl\/historia\/wp-json\/wp\/v2\/users\/2"}],"replies":[{"embeddable":true,"href":"https:\/\/biblioteka.pb.edu.pl\/historia\/wp-json\/wp\/v2\/comments?post=73"}],"version-history":[{"count":20,"href":"https:\/\/biblioteka.pb.edu.pl\/historia\/wp-json\/wp\/v2\/pages\/73\/revisions"}],"predecessor-version":[{"id":920,"href":"https:\/\/biblioteka.pb.edu.pl\/historia\/wp-json\/wp\/v2\/pages\/73\/revisions\/920"}],"up":[{"embeddable":true,"href":"https:\/\/biblioteka.pb.edu.pl\/historia\/wp-json\/wp\/v2\/pages\/14"}],"wp:attachment":[{"href":"https:\/\/biblioteka.pb.edu.pl\/historia\/wp-json\/wp\/v2\/media?parent=73"}],"curies":[{"name":"wp","href":"https:\/\/api.w.org\/{rel}","templated":true}]}}