{"id":77,"date":"2021-06-21T11:19:56","date_gmt":"2021-06-21T09:19:56","guid":{"rendered":"http:\/\/poprzednia.biblioteka.pb.edu.pl\/historia\/?page_id=77"},"modified":"2022-04-08T11:40:06","modified_gmt":"2022-04-08T09:40:06","slug":"archiwum-uczelniane-pb","status":"publish","type":"page","link":"https:\/\/biblioteka.pb.edu.pl\/historia\/przestrzen-biblioteki\/archiwum-uczelniane-pb\/","title":{"rendered":"Archiwum Uczelniane PB"},"content":{"rendered":"<p><strong>W strukturze Biblioteki Politechniki Bia\u0142ostockiej w latach 2010 &#8211; 2020<\/strong><\/p>\n<p>Pierwszy \u015blad \u015bwiadcz\u0105cy o pocz\u0105tkach archiwum, pierwotnie sk\u0142adnicy akt, pochodzi z I po\u0142. lat 50-tych XX w. Organizowana od 1 kwietnia 1957 r. sk\u0142adnica akt, na podstawie przepis\u00f3w z 1952 r., wchodzi\u0142a w sk\u0142ad sekretariatu szko\u0142y. Przechowywano w niej akta poszczeg\u00f3lnych kom\u00f3rek organizacyjnych oraz prace dyplomowe student\u00f3w od 1950 r. W maju 1975 r. na mocy Zarz\u0105dzenia Rektora Politechniki Bia\u0142ostockiej powo\u0142ano archiwum zak\u0142adowe, kt\u00f3re do 2009 r. funkcjonowa\u0142o przy Biurze Rektora. Pierwszym opiekunem sk\u0142adnicy akt i kierownikiem sekretariatu WSI by\u0142a Wanda Duszkiewicz (1957\u20131970).<\/p>\n<p>&nbsp;<\/p>\n<p><a href=\"https:\/\/biblioteka.pb.edu.pl\/app\/uploads\/sites\/2\/2021\/09\/Przestrzen-AUPB-1-1920.jpg\"><img loading=\"lazy\" decoding=\"async\" class=\"aligncenter size-medium wp-image-665\" src=\"https:\/\/biblioteka.pb.edu.pl\/app\/uploads\/sites\/2\/2021\/09\/Przestrzen-AUPB-1-1920-500x333.jpg\" alt=\"Pomieszczenie z ogromnymi przesuwnymi rega\u0142ami po bokach. Rega\u0142y wype\u0142nione teczkami. Po \u015brodku sto\u0142y, w\u00f3zki na dokumentacj\u0119. Mi\u0119dzy rega\u0142ami wychylaj\u0105 si\u0119 dwie rozmawiaj\u0105ce ze sob\u0105 kobiety.\" width=\"500\" height=\"333\" srcset=\"https:\/\/biblioteka.pb.edu.pl\/app\/uploads\/sites\/2\/2021\/09\/Przestrzen-AUPB-1-1920-500x333.jpg 500w, https:\/\/biblioteka.pb.edu.pl\/app\/uploads\/sites\/2\/2021\/09\/Przestrzen-AUPB-1-1920-1024x683.jpg 1024w, https:\/\/biblioteka.pb.edu.pl\/app\/uploads\/sites\/2\/2021\/09\/Przestrzen-AUPB-1-1920-768x512.jpg 768w, https:\/\/biblioteka.pb.edu.pl\/app\/uploads\/sites\/2\/2021\/09\/Przestrzen-AUPB-1-1920-1536x1024.jpg 1536w, https:\/\/biblioteka.pb.edu.pl\/app\/uploads\/sites\/2\/2021\/09\/Przestrzen-AUPB-1-1920-480x320.jpg 480w, https:\/\/biblioteka.pb.edu.pl\/app\/uploads\/sites\/2\/2021\/09\/Przestrzen-AUPB-1-1920.jpg 1920w\" sizes=\"auto, (max-width: 500px) 100vw, 500px\" \/><\/a><\/p>\n<p>&nbsp;<\/p>\n<p>Archiwum Uczelniane kilkukrotnie na przestrzeni lat zmienia\u0142o swoj\u0105 siedzib\u0119. W pierwszej fazie organizacji sk\u0142adnica akt zlokalizowana by\u0142a na trzecim pi\u0119trze budynku szko\u0142y przy ul. Grunwaldzkiej 11\/15. W wyniku zmian organizacyjnych w 1975 r., a tak\u017ce powi\u0119kszaj\u0105cego si\u0119 zasobu planowano powierzy\u0107 archiwum pomieszczenie w nowym budynku uczelni przy ul. Wiejskiej. Plany te zrealizowano dopiero w 1987 r., a do tego czasu jednostka przeniesiona zosta\u0142a do dw\u00f3ch pomieszcze\u0144 obiektu Instytutu Mechaniki w Kleosinie. W 1987 r. dokumentacja aktowa umieszczona zosta\u0142a w nowym pomieszczeniu magazynowym, dostosowanym do przechowywania i zabezpieczania dokumentacji, w kompleksie budynk\u00f3w PB przy ul. Wiejskiej 45 C.<\/p>\n<p>&nbsp;<\/p>\n<p><a href=\"https:\/\/biblioteka.pb.edu.pl\/app\/uploads\/sites\/2\/2021\/09\/Przestrzen-AUPB-2-1920.jpg\"><img loading=\"lazy\" decoding=\"async\" class=\"aligncenter size-medium wp-image-671\" src=\"https:\/\/biblioteka.pb.edu.pl\/app\/uploads\/sites\/2\/2021\/09\/Przestrzen-AUPB-2-1920-500x495.jpg\" alt=\"Na stole le\u017cy stos bia\u0142ych teczek z dokumentami. Po bokach rega\u0142y wype\u0142nione teczkami. W oddali wida\u0107 teczki u\u0142o\u017cone w pude\u0142kach.\" width=\"500\" height=\"495\" srcset=\"https:\/\/biblioteka.pb.edu.pl\/app\/uploads\/sites\/2\/2021\/09\/Przestrzen-AUPB-2-1920-500x495.jpg 500w, https:\/\/biblioteka.pb.edu.pl\/app\/uploads\/sites\/2\/2021\/09\/Przestrzen-AUPB-2-1920-1024x1013.jpg 1024w, https:\/\/biblioteka.pb.edu.pl\/app\/uploads\/sites\/2\/2021\/09\/Przestrzen-AUPB-2-1920-150x150.jpg 150w, https:\/\/biblioteka.pb.edu.pl\/app\/uploads\/sites\/2\/2021\/09\/Przestrzen-AUPB-2-1920-768x760.jpg 768w, https:\/\/biblioteka.pb.edu.pl\/app\/uploads\/sites\/2\/2021\/09\/Przestrzen-AUPB-2-1920-1536x1520.jpg 1536w, https:\/\/biblioteka.pb.edu.pl\/app\/uploads\/sites\/2\/2021\/09\/Przestrzen-AUPB-2-1920.jpg 1920w\" sizes=\"auto, (max-width: 500px) 100vw, 500px\" \/><\/a><\/p>\n<p>&nbsp;<\/p>\n<p>W archiwum przechowywane s\u0105 m.in. akta Wy\u017cszej Szko\u0142y In\u017cynierskiej z lat 1950-1972. Zas\u00f3b sk\u0142adnicy akt rozrasta\u0142 si\u0119 na przestrzeni lat i w 1971 roku osi\u0105gn\u0105\u0142 liczb\u0119 15 metr\u00f3w bie\u017c\u0105cych. Obecnie liczy 1768,44 m b akt.<\/p>\n<p>&nbsp;<\/p>\n<p><a href=\"https:\/\/biblioteka.pb.edu.pl\/app\/uploads\/sites\/2\/2021\/09\/Przestrzen-AUPB-3-1920.jpg\"><img loading=\"lazy\" decoding=\"async\" class=\"aligncenter size-medium wp-image-667\" src=\"https:\/\/biblioteka.pb.edu.pl\/app\/uploads\/sites\/2\/2021\/09\/Przestrzen-AUPB-3-1920-500x362.jpg\" alt=\"Starszy m\u0119\u017cczyzna w okularach trzyma w r\u0119kach du\u017cy segregator z dokumentami. Segregator jest stary i podniszczony. W tle rega\u0142y z teczkami na dokumenty.\" width=\"500\" height=\"362\" srcset=\"https:\/\/biblioteka.pb.edu.pl\/app\/uploads\/sites\/2\/2021\/09\/Przestrzen-AUPB-3-1920-500x362.jpg 500w, https:\/\/biblioteka.pb.edu.pl\/app\/uploads\/sites\/2\/2021\/09\/Przestrzen-AUPB-3-1920-1024x741.jpg 1024w, https:\/\/biblioteka.pb.edu.pl\/app\/uploads\/sites\/2\/2021\/09\/Przestrzen-AUPB-3-1920-768x556.jpg 768w, https:\/\/biblioteka.pb.edu.pl\/app\/uploads\/sites\/2\/2021\/09\/Przestrzen-AUPB-3-1920-1536x1111.jpg 1536w, https:\/\/biblioteka.pb.edu.pl\/app\/uploads\/sites\/2\/2021\/09\/Przestrzen-AUPB-3-1920.jpg 1920w\" sizes=\"auto, (max-width: 500px) 100vw, 500px\" \/><\/a><\/p>\n<p><em>Na zdj\u0119ciu: in\u017c. Miros\u0142aw Bujanowski, Pe\u0142nomocnik Rektora ds. tworzenia Izby Pami\u0119ci Politechniki Bia\u0142ostockiej<\/em><\/p>\n","protected":false},"excerpt":{"rendered":"<p>W strukturze Biblioteki Politechniki Bia\u0142ostockiej w latach 2010 &#8211; 2020 Pierwszy \u015blad [&hellip;]<\/p>\n","protected":false},"author":2,"featured_media":0,"parent":14,"menu_order":8,"comment_status":"closed","ping_status":"closed","template":"","meta":{"ngg_post_thumbnail":0,"footnotes":""},"class_list":["post-77","page","type-page","status-publish","hentry"],"_links":{"self":[{"href":"https:\/\/biblioteka.pb.edu.pl\/historia\/wp-json\/wp\/v2\/pages\/77","targetHints":{"allow":["GET"]}}],"collection":[{"href":"https:\/\/biblioteka.pb.edu.pl\/historia\/wp-json\/wp\/v2\/pages"}],"about":[{"href":"https:\/\/biblioteka.pb.edu.pl\/historia\/wp-json\/wp\/v2\/types\/page"}],"author":[{"embeddable":true,"href":"https:\/\/biblioteka.pb.edu.pl\/historia\/wp-json\/wp\/v2\/users\/2"}],"replies":[{"embeddable":true,"href":"https:\/\/biblioteka.pb.edu.pl\/historia\/wp-json\/wp\/v2\/comments?post=77"}],"version-history":[{"count":18,"href":"https:\/\/biblioteka.pb.edu.pl\/historia\/wp-json\/wp\/v2\/pages\/77\/revisions"}],"predecessor-version":[{"id":927,"href":"https:\/\/biblioteka.pb.edu.pl\/historia\/wp-json\/wp\/v2\/pages\/77\/revisions\/927"}],"up":[{"embeddable":true,"href":"https:\/\/biblioteka.pb.edu.pl\/historia\/wp-json\/wp\/v2\/pages\/14"}],"wp:attachment":[{"href":"https:\/\/biblioteka.pb.edu.pl\/historia\/wp-json\/wp\/v2\/media?parent=77"}],"curies":[{"name":"wp","href":"https:\/\/api.w.org\/{rel}","templated":true}]}}